{"id":246,"date":"2022-08-01T14:25:44","date_gmt":"2022-08-01T12:25:44","guid":{"rendered":"https:\/\/lehavre.hotelbirgit.com\/?page_id=246"},"modified":"2024-02-02T10:12:56","modified_gmt":"2024-02-02T09:12:56","slug":"mentions-legales","status":"publish","type":"page","link":"https:\/\/lehavre.hotelbirgit.com\/de\/mentions-legales\/","title":{"rendered":"Rechtliche Hinweise"},"content":{"rendered":"<h2><strong>Legal Notice<\/strong><\/h2>\n<p>Diese Website wird unterhalten von Grape Hospitality France ist eine vereinfachte Aktiengesellschaft, die im Handels- und Gesellschaftsregister von Nanterre unter der Nummer 815 278 288 eingetragen ist. Ihr eingetragener Sitz befindet sich in 17 quai du Pr\u00e9sident Paul Doumer 92400 Courbevoie.<\/p>\n<p>Herausgeber der Website: Pauline Staub, dpo@grape-hospitality.com<\/p>\n<p>Webmaster: D-Edge<\/p>\n<p>Diese Website wird betreut von der Firma D-EDGE mit Sitz in 64-66 rue des Archives, 75003\u00a0Paris, Frankreich.<\/p>\n<p><strong>\u00a0<\/strong><\/p>\n<h3><strong>Geistige Eigentumsrechte und Einschr\u00e4nkungen der Nutzung von Inhalten dieser Website<\/strong><\/h3>\n<p>Die SNC Vauban, Eigent\u00fcmerin des Hotels B!RGIT Le Havre centre, ist Inhaberin aller Rechte des geistigen Eigentums in Bezug auf diese Website, einschlie\u00dflich, aber nicht beschr\u00e4nkt auf Text, Bilder, Grafiken und Logos.<\/p>\n<p>Die Verwendung von Inhalten dieser Website ohne vorherige schriftliche Genehmigung durch die SNC Vauban ist strengstens untersagt.<\/p>\n<h3><strong>Cookies<\/strong><\/h3>\n<p>Diese Website verwendet Analyse- und Social Media-Cookies.<\/p>\n<p>Nach der EU-Richtlinie \u00fcber die Verarbeitung personenbezogener Daten und den Schutz der Privatsph\u00e4re m\u00fcssen Nutzer \u00fcber den Einsatz von Cookies informiert werden und die M\u00f6glichkeit haben, zuzustimmen oder abzulehnen. Websites m\u00fcssen die Zustimmung der Nutzer einholen, bevor sie Cookies auf deren Ger\u00e4ten speichern.<\/p>\n<p>Das Ablehnen von Cookies kann dazu f\u00fchren, dass die Website nicht in vollem Umfang genutzt werden kann.<\/p>\n<p>Die Cookie-Pr\u00e4ferenzen k\u00f6nnen jedoch in den Browser-Einstellungen jederzeit ge\u00e4ndert werden.<\/p>\n<h3><strong>Analyse-Cookies<\/strong><\/h3>\n<p>Analyse-Cookies sind kleine Dateien, die dem Zweck dienen, Informationen dar\u00fcber zu sammeln, wie die Besucher mit einer Website interagieren (z.B. welche Seiten sie besuchen, wie oft sie die Website besuchen und wie hoch die Bounce Rate oder Absprungrate ist). Die mithilfe dieser Cookies gesammelten Informationen sind anonym.<\/p>\n<p>Diese Website verwendet Google Analytics.<\/p>\n<h3><strong>Social Media-Cookies<\/strong><\/h3>\n<p>Social Media-Cookies erm\u00f6glichen es den Nutzern, \u00fcber sogenannte Sharing-Buttons Inhalte mit ihren Freunden und Netzwerken zu teilen.<\/p>\n<h3><strong>Kontaktformular und Kommentare<\/strong><\/h3>\n<p>Wenn Sie unser Kontaktformular ausf\u00fcllen oder einen unserer Artikel kommentieren, werden Sie m\u00f6glicherweise zur Angabe einer E-Mail-Adresse aufgefordert.<\/p>\n<p>Wir geben Ihre E-Mail-Adresse nicht an Dritte weiter.<\/p>\n<h3><strong>Hyperlinks<\/strong><\/h3>\n<p>Diese Website kann Hyperlinks zu Websites von Dritten enthalten.<\/p>\n<p>Bitte beachten Sie, dass wir keine Verantwortung f\u00fcr die Richtlinien solcher Websites in Bezug auf Inhalte oder Datenschutz \u00fcbernehmen.<\/p>\n<h3><strong>RSS-Feeds<\/strong><\/h3>\n<p>Alle unsere RSS-Feeds sind nur f\u00fcr den pers\u00f6nlichen Gebrauch bestimmt. Falls Sie diese Inhalte kommerziell nutzen wollen, kontaktieren Sie bitte die SNC Vauban<\/p>\n<p>&nbsp;<\/p>\n<h2><strong>Gesch\u00e4ftsbedingungen<\/strong><\/h2>\n<ol>\n<li>\n<h3><strong>BEZEICHNUNG DES TEILS<\/strong><\/h3>\n<\/li>\n<\/ol>\n<p>&nbsp;<\/p>\n<p>Vauban ist eine im Handels- und Gesellschaftsregister von Versailles unter der Nummer 384 774 378 eingetragene Soci\u00e9t\u00e9 en Nom Collectif. Ihr Hauptsitz befindet sich in der Avenue Morane Saulnier 4-6, 78140 Velizy-Villacoublay, und sie betreibt das Birgit Hotel am Quai Colbert, 76600 Le Havre.Grape Hospitality France, eine vereinfachte Aktiengesellschaft, eingetragen im Handels- und Gesellschaftsregister von Versailles unter der Nummer 815 278 288, betreibt und verwaltet Hotelbetriebe. Sein Hauptsitz befindet sich in der 4-6 Avenue Morane Saulnier 78140 Velizy-Villacoublay und verwaltet das Birgit Hotel.<\/p>\n<p>&nbsp;<\/p>\n<ol start=\"2\">\n<li>\n<h3><strong>VEREINBARUNG \u00dcBER DIE ALLGEMEINEN VERKAUFSBEDINGUNGEN<\/strong><\/h3>\n<\/li>\n<\/ol>\n<p>&nbsp;<\/p>\n<p>Die Tatsache, dass Sie reserviert haben, setzt eine vollst\u00e4ndige und vorbehaltlose Zustimmung zu den Allgemeinen Verkaufsbedingungen voraus, und ohne Zustimmung zu diesen Allgemeinen Verkaufsbedingungen kann keine Reservierung vorgenommen werden. Der Kunde erkl\u00e4rt, dass er die Allgemeinen Verkaufsbedingungen vollst\u00e4ndig kennt.<\/p>\n<p>&nbsp;<\/p>\n<h3><strong>3.\u00a0\u00a0\u00a0 <\/strong><strong>BEZEICHNUNG IHRER ABTEILUNG<\/strong><\/h3>\n<p>Diese Website erm\u00f6glicht die Reservierung von Unterk\u00fcnften und damit verbundenen Dienstleistungen in Hotels, die unter der Marke Birgit betrieben werden.\u00a0Bei der Buchung erkennt der Kunde an:eine Beschreibung der angebotenen Unterkunft und etwaiger Zusatzleistungen (kostenpflichtig oder im Unterkunftspreis enthalten),Der Preis der DienstleistungZahlungsbedingungen (Zahlungsplan und akzeptierte Zahlungsmittel)Diese allgemeinen Verkaufsbedingungen\u00a0Der Kunde erkl\u00e4rt daher, die von ihm reservierte Leistung genau zu kennen und f\u00fcr die Wahl der von ihm reservierten Leistung allein verantwortlich zu sein.Diese Allgemeinen Verkaufsbedingungen gelten f\u00fcr alle Reservierungen, die \u00fcber die Websites und direkt in Einrichtungen der Marke Birgit in Frankreich abgeschlossen werden.<\/p>\n<h3><strong>4.\u00a0\u00a0\u00a0 <\/strong><strong>RESERVIERUNG<\/strong><\/h3>\n<p>Bei Reservierungen von weniger als 8 Zimmern wird die Reservierung best\u00e4tigt, sobald die Zahlung (Anzahlung oder Gesamtbetrag) f\u00fcr die Dienstleistung vom Kunden geleistet und vom Zahlungspartner von SNC Vauban akzeptiert wurde.\u00a0Bei Gruppenreservierungen (mehr als 8 Zimmer) und vorbehaltlich schriftlich vereinbarter Ausnahmen (z. B. nach Vereinbarung mit einem Reiseb\u00fcro) wird die Reservierung wirksam, wenn der Kunde die Zahlung per Bank\u00fcberweisung oder Bankkarte zum ersten Mal leistet Rate.Der Kunde verpflichtet sich, zum Zeitpunkt der Buchung alle f\u00fcr seine Identifizierung und die Wahl seines Aufenthalts erforderlichen Informationen anzugeben und deren Echtheit zu best\u00e4tigen.Sobald die Reservierung vorgenommen wurde, wird eine Best\u00e4tigung an die vom Kunden angegebene E-Mail-Adresse gesendet.Eine Reservierung ist nominativ. Sie kann nicht an eine andere Person abgetreten oder \u00fcbertragen werden.Der Abschluss der Reservierung gilt als Beweis f\u00fcr ein Vertragsverh\u00e4ltnis zwischen dem Kunden und SNC Vauban.<\/p>\n<h3>5.\u00a0\u00a0\u00a0 <strong>STORNIERUNGSBEDINGUNGEN<\/strong><\/h3>\n<p>Bei Reservierungen von weniger als 8 Zimmern wird die Reservierung best\u00e4tigt, sobald die Zahlung (Anzahlung oder Gesamtbetrag) f\u00fcr die Dienstleistung vom Kunden geleistet und vom Zahlungspartner von SNC Vauban akzeptiert wurde.Bei Gruppenreservierungen (mehr als 8 Zimmer) und vorbehaltlich schriftlich vereinbarter Ausnahmen (z. B. nach Vereinbarung mit einem Reiseb\u00fcro) gilt die Reservierung als best\u00e4tigt, wenn der Kunde die Zahlung per Bank\u00fcberweisung oder Bankkarte zum ersten Mal leistet Rate.Der Kunde verpflichtet sich, zum Zeitpunkt der Buchung alle f\u00fcr seine Identifizierung und die Wahl seines Aufenthalts erforderlichen Informationen anzugeben und deren Echtheit zu best\u00e4tigen.Sobald die Reservierung vorgenommen wurde, wird eine Best\u00e4tigung an die vom Kunden angegebene E-Mail-Adresse gesendet.Eine Reservierung ist nominativ. Sie kann nicht an eine andere Person abgetreten oder \u00fcbertragen werden.<\/p>\n<h3><strong>6.\u00a0\u00a0\u00a0 <\/strong><strong>AUFENTHALTSBEDINGUNGEN IM HOTEL<\/strong><\/h3>\n<p>&nbsp;<\/p>\n<p>Die Unterbrechung eines Aufenthalts auf Wunsch des Kunden berechtigt Sie nicht zu einer R\u00fcckerstattung, auch nicht teilweise.Die vom Kunden reservierte Unterkunft steht am Anreisetag sp\u00e4testens ab 16.00 Uhr zur Verf\u00fcgung, es sei denn, er hat die M\u00f6glichkeit einer vorgezogenen Ankunftszeit reserviert. Der Kunde hat sein Zimmer bis sp\u00e4testens 12:00 Uhr des auf die letzte reservierte Nacht folgenden Morgens zu verlassen, es sei denn, er hat die M\u00f6glichkeit einer Verl\u00e4ngerung seiner Abreisezeit reserviert. In diesem speziellen Fall gibt die Buchungsbest\u00e4tigungs-E-Mail die Abfahrtszeit an. Im Falle eines sp\u00e4ten Check-outs kann das Hotel dies als Verl\u00e4ngerung des Aufenthalts betrachten und beh\u00e4lt sich das Recht vor, eine zus\u00e4tzliche Nacht in Rechnung zu stellen.<\/p>\n<p>&nbsp;<\/p>\n<p>W\u00e4hrend seines Aufenthalts muss der Kunde die Hausordnung des Hotels einhalten. Diese legt die Lebensregeln innerhalb der Einrichtung, in den Zimmern und in den Gemeinschaftsr\u00e4umen fest. Sie legt insbesondere folgende Bestimmungen fest:<\/p>\n<p>&nbsp;<\/p>\n<p>\u2013 Es ist verboten, Alkohol au\u00dferhalb der Bar \/ des Restaurants zu konsumieren\u2013 Es ist verboten, au\u00dferhalb der daf\u00fcr vorgesehenen R\u00e4ume zu rauchen (einschlie\u00dflich einer elektronischen Zigarette).\u2013 Es ist verboten, eine Person in ein Zimmer einzuladen, die nicht gleichzeitig in der Einrichtung untergebracht ist.<\/p>\n<p>&nbsp;<\/p>\n<p>Bei Nichteinhaltung dieser Verfahrensordnung kann die Leitung der Einrichtung den Aufenthalt des Kunden beenden, ohne dass dieser eine Entsch\u00e4digung oder teilweise R\u00fcckerstattung f\u00fcr den Rest seines Aufenthalts verlangen kann. .Dar\u00fcber hinaus beh\u00e4lt sich SNC Vauban das Recht vor, den Kunden in eine Liste von Kunden einzutragen, denen der Aufenthalt in Einrichtungen der Grape Hospitality-Gruppe untersagt ist.In diesem Fall wird dem Kunden der Zugang zu allen Einrichtungen der Grape Hospitality-Gruppe auf unbestimmte Zeit verweigert, womit der Kunde ausdr\u00fccklich einverstanden ist.<\/p>\n<p>&nbsp;<\/p>\n<h3><strong>7.\u00a0\u00a0\u00a0 <\/strong><strong>VERANTWORTUNG VON GRAPH HOSPITALITY<\/strong><\/h3>\n<p>&nbsp;<\/p>\n<p>Die auf den Websites der Grape Hospitality-Gruppe pr\u00e4sentierten Fotos und Beschreibungen des Betriebs stellen m\u00f6glicherweise nicht genau die Leistung des Betriebs dar, die der Kunde ausdr\u00fccklich anerkennt.<\/p>\n<p>&nbsp;<\/p>\n<p>Grape Hospitality kann nicht f\u00fcr den schlechten Verlauf der Reservierung oder des Aufenthalts aufgrund h\u00f6herer Gewalt, des Ausfalls eines Dritten oder der Nichtverf\u00fcgbarkeit der Website verantwortlich gemacht werden.<\/p>\n<p>&nbsp;<\/p>\n<p>Jede Beschwerde im Zusammenhang mit einer Reservierung oder einem Aufenthaltsproblem muss innerhalb von 30 Tagen nach dem Ankunftsdatum der Reservierung direkt an die Einrichtung unter ihrer Postanschrift gerichtet werden.Grape Hospitality ist nicht direkt der Betreiber der Einrichtung.<\/p>\n<p>&nbsp;<\/p>\n<h3><strong>8.\u00a0\u00a0\u00a0 <\/strong><strong>ENTWICKLUNG DES AUFENTHALTSPREISES<\/strong><\/h3>\n<p>Die zum Zeitpunkt der Buchung angegebenen Preise k\u00f6nnen sich zum Zeitpunkt des Aufenthalts in den folgenden F\u00e4llen \u00e4ndern:-\u00a0\u00a0\u00a0\u00a0\u00a0\u00a0 \u00c4nderung des Preises der Kurtaxe, die im Reservierungspreis enthalten ist-\u00a0\u00a0\u00a0\u00a0\u00a0\u00a0 \u00c4nderung des Mehrwertsteuersatzes, wobei die Reservierungspreise alle Steuern enthalten-\u00a0\u00a0\u00a0\u00a0\u00a0\u00a0 Etwaige Umtauschkosten im Zusammenhang mit einer Transaktion, die auf Wunsch des Kunden in Fremdw\u00e4hrungen durchgef\u00fchrt wird, wobei die Preise der Reservierung immer in Euro angegeben sind.<\/p>\n<h3>\u00a0<strong>9.\u00a0\u00a0\u00a0 <\/strong><strong>VOLLST\u00c4NDIGE BEZAHLUNG DES AUFENTHALTS ZUM ZEITPUNKT DER BUCHUNG<\/strong><\/h3>\n<p>Wenn der Kunde zum Zeitpunkt der Buchung einen Tarif mit vollst\u00e4ndiger Bezahlung des Aufenthalts gew\u00e4hlt hat, erfolgt diese Zahlung per Kreditkarte \u00fcber die Plattform des Zahlungspartners von SNC Vauban, Adyen oder Stripe. Die Kreditkarte wird innerhalb von 24 Stunden nach der Buchung belastet.<\/p>\n<p>Bei der Ankunft in der Einrichtung kann der Kunde aufgefordert werden, einen Ausweis vorzulegen, um zu \u00fcberpr\u00fcfen, ob er tats\u00e4chlich der Inhaber der zum Zeitpunkt der Reservierung verwendeten Bankkarte ist.\u00a0Eine Rechnung kann am Ende des Aufenthalts an der Rezeption der Einrichtung angefordert werden.<\/p>\n<h3><\/h3>\n<h3><strong>10.\u00a0\u00a0\u00a0\u00a0 <\/strong><strong>BEZAHLUNG DES AUFENTHALTS BEI ANKUNFT IN DER EINRICHTUNG<\/strong><\/h3>\n<p>&nbsp;<\/p>\n<p>Wenn der Kunde einen Tarif gew\u00e4hlt hat, der die Bezahlung des Aufenthalts bei der Ankunft in der Einrichtung beinhaltet, wird er bei der Buchung gebeten, seine Reservierung durch Angabe seiner Bankkartendaten zu garantieren. Er muss dann zu Beginn seines Aufenthalts dieselbe Bankkarte vorlegen, und die Einrichtung kann ihn auffordern, einen Personalausweis vorzulegen, um zu \u00fcberpr\u00fcfen, ob er tats\u00e4chlich der rechtm\u00e4\u00dfige Inhaber der Bankkarte ist.Eine Rechnung kann am Ende des Aufenthalts an der Rezeption der Einrichtung angefordert werden.<\/p>\n<p>&nbsp;<\/p>\n<ol start=\"11\">\n<li>\n<h3><strong>ZAHLUNGSSICHERHEIT \u2013 ZAHLUNGSPARTNER \u2013 AUFBEWAHRUNG DER VERTRAGSUNTERLAGEN<\/strong><\/h3>\n<\/li>\n<\/ol>\n<p><strong>\u00a0<\/strong><\/p>\n<p>SNC Vauban beauftragte Adyen mit der Sicherheit seiner Online-Zahlungen per Kreditkarte. Die G\u00fcltigkeit der Bankkarte wird von Adyen gepr\u00fcft. Eine Ablehnung der Bankkarte aus welchem \u200b\u200bGrund auch immer (gesperrte Karte, gestohlene Karte, erreichtes Zahlungslimit) f\u00fchrt zur Stornierung der Reservierungsanfrage, die daher nicht best\u00e4tigt wird.Die Vertragsdokumente (Rechnung, Reservierungs-E-Mail, Kreditkarten-Transaktionsbeleg) werden f\u00fcr einen Zeitraum von 10 Jahren in elektronischer Form aufbewahrt.<\/p>\n<p>&nbsp;<\/p>\n<h3><strong>12.\u00a0\u00a0\u00a0\u00a0 <\/strong><strong>Ausweisung<\/strong><\/h3>\n<p>Wenn es nicht m\u00f6glich ist, dem Kunden die gebuchte Leistung anzubieten, kann die Einrichtung ihm eine gleichwertige oder h\u00f6herwertige Unterkunft innerhalb derselben Einrichtung oder in einer benachbarten Einrichtung anbieten. Allf\u00e4llige Mehrkosten gehen zu Lasten der Einrichtung. Der Kunde hat die M\u00f6glichkeit, diese Entfernung abzulehnen, und kann die R\u00fcckerstattung seiner Reservierung verlangen, ohne Schadensersatz oder Entsch\u00e4digung verlangen zu k\u00f6nnen. Die Einrichtung beh\u00e4lt sich das Recht vor, eine kommerzielle Geste zu machen.<\/p>\n<p>&nbsp;<\/p>\n<h3><strong>13.\u00a0\u00a0\u00a0\u00a0 <\/strong><strong>RESPEKT F\u00dcR PRIVATSPH\u00c4RE UND DATEN EIN PERSONAL MIT CHARAKTER<\/strong><\/h3>\n<p>F\u00fcr die ordnungsgem\u00e4\u00dfe Ausf\u00fchrung des Dienstes ist SNC Vauban verpflichtet, personenbezogene Daten, einschlie\u00dflich der IP-Adresse des Kunden, zu erheben.Diese Daten sind f\u00fcr SNC Vauban oder von Grape Hospitality betriebene Hotels bestimmt.Zum Zeitpunkt der Online-Buchung werden die Bankkartendaten des Kunden an den Zahlungspartner von SNC Vauban, Adyen, \u00fcbermittelt.Der Kunde stimmt der Weitergabe dieser Daten ausdr\u00fccklich zu.Adyen hat die besten Datensicherheitszertifizierungen.Gem\u00e4\u00df der Datenschutz-Grundverordnung (DSGVO) hat der Kunde das Recht auf Zugang und Berichtigung seiner personenbezogenen Daten.Dazu wird der Kunde gebeten, sich an die Rezeption der betreffenden Einrichtung zu wenden oder seine Anfrage an die E-Mail-Adresse: dpo@grape-hospitality.com zu richten.<\/p>\n<h3><strong>14.\u00a0\u00a0\u00a0\u00a0 <\/strong><strong>KOMMERZIELLE ANFRAGEN<\/strong><strong>\u00a0<\/strong><\/h3>\n<p>Der Kunde stimmt zu, bei einer Online-Buchung eine Buchungsbest\u00e4tigung per E-Mail zu erhalten. Der Kunde erkl\u00e4rt sich au\u00dferdem damit einverstanden, einige Tage vor seiner Ankunft in der Einrichtung eine E-Mail von SNC Vauban zu erhalten.Schlie\u00dflich willigt der Kunde ein, einige Tage nach Verlassen der Einrichtung eine E-Mail von SNC Vauban zu erhalten. Diese E-Mails dienen dazu, den Aufenthalt des Kunden vorzubereiten und seine Zufriedenheitskommentare zu sammeln.Sie k\u00f6nnen auch kommerzielle Angebote enthalten.\u00a0Dar\u00fcber hinaus erkl\u00e4rt sich der Kunde durch die Buchung eines Aufenthalts in der Einrichtung \u00fcber die Websites von Grape Hospitality oder auf andere Weise damit einverstanden, einen regelm\u00e4\u00dfigen Newsletter von Grape Hospitality zu erhalten. Er kann sich \u00fcber einen Link am Ende des Newsletters abmelden.\u00a0Die Daten des Kunden werden nicht an andere Unternehmen weitergegeben.<\/p>\n<ol start=\"15\">\n<li>\n<h3><strong>FORCE MJOR<\/strong><\/h3>\n<\/li>\n<\/ol>\n<p>Im Falle h\u00f6herer Gewalt, wie von der Rechtsprechung der franz\u00f6sischen Gerichte anerkannt, k\u00f6nnen weder der Kunde noch SNC Vauban oder die reservierte Einrichtung f\u00fcr die Nichterf\u00fcllung der reservierten Dienstleistung verantwortlich gemacht werden.<\/p>\n<h3><strong>16.\u00a0\u00a0\u00a0\u00a0 <\/strong><strong>STREITIGKEITEN UND ANWENDBARES RECHT<\/strong><strong>\u00a0<\/strong><\/h3>\n<p>Im Falle eines Problems oder einer Unzufriedenheit mit der von ihm reservierten Dienstleistung kann sich der Kunde innerhalb von 30 Tagen nach seinem Aufenthalt an die Leitung der reservierten Einrichtung wenden.Diese Allgemeinen Verkaufsbedingungen und die Reservierung unterliegen dem franz\u00f6sischen Recht und alle Streitigkeiten, die sich aus ihrer G\u00fcltigkeit, Auslegung oder Ausf\u00fchrung ergeben, fallen in die Zust\u00e4ndigkeit des Tribunal de Grande Instance de Paris.<\/p>\n<p>&nbsp;<\/p>\n<h3><strong>17.\u00a0\u00a0\u00a0\u00a0 <\/strong><strong>SCHLUSSBESTIMMUNGEN<\/strong><\/h3>\n<p>Diese Allgemeinen Verkaufsbedingungen sind in franz\u00f6sischer Sprache verfasst. Wenn eine \u00dcbersetzung in einer Fremdsprache angefertigt wird, hat sie nur einen Hinweiswert und nur die franz\u00f6sische Version ist ma\u00dfgebend.Im Falle einer Aktualisierung dieser Allgemeinen Verkaufsbedingungen gilt die neue Version automatisch f\u00fcr alle Reservierungen, die nach dieser Aktualisierung vorgenommen werden.Diese Allgemeinen Verkaufsbedingungen, die f\u00fcr die angeforderte Dienstleistung geltenden Preisbedingungen und die Buchungsbest\u00e4tigung stellen die Gesamtheit der Verpflichtungen der Parteien dar. Im Falle eines Widerspruchs zwischen diesen Dokumenten gehen die Bestimmungen der Buchungsbest\u00e4tigung denen dieser Allgemeinen Verkaufsbedingungen vor.Sollten sich eine oder mehrere Bestimmungen hiervon als ung\u00fcltig oder nichtig erweisen, bleiben die \u00fcbrigen Bestimmungen dennoch g\u00fcltig.<\/p>\n<p>&nbsp;<\/p>\n","protected":false},"excerpt":{"rendered":"<p>Legal Notice Diese Website wird unterhalten von Grape Hospitality France ist eine vereinfachte Aktiengesellschaft, die im Handels- und Gesellschaftsregister von Nanterre unter der Nummer 815 278 288 eingetragen ist. Ihr eingetragener Sitz befindet sich in 17 quai du Pr\u00e9sident Paul Doumer 92400 Courbevoie. Herausgeber der Website: Pauline Staub, dpo@grape-hospitality.com Webmaster: D-Edge Diese Website wird betreut [&hellip;]<\/p>\n","protected":false},"author":462,"featured_media":0,"parent":0,"menu_order":0,"comment_status":"closed","ping_status":"closed","template":"template-default-2.php","meta":{"footnotes":""},"class_list":["post-246","page","type-page","status-publish","hentry"],"yoast_head":"<!-- This site is optimized with the Yoast SEO plugin v26.9 - https:\/\/yoast.com\/product\/yoast-seo-wordpress\/ -->\n<title>Rechtliche Hinweise - Le Havre Birgit<\/title>\n<meta name=\"description\" content=\"Legal Notice Diese Website wird unterhalten von Grape Hospitality France ist eine vereinfachte Aktiengesellschaft, die im Handels- und\" \/>\n<meta name=\"robots\" content=\"index, follow, max-snippet:-1, max-image-preview:large, max-video-preview:-1\" \/>\n<link rel=\"canonical\" href=\"https:\/\/lehavre.hotelbirgit.com\/de\/mentions-legales\/\" \/>\n<meta property=\"og:locale\" content=\"de_DE\" \/>\n<meta property=\"og:type\" content=\"article\" \/>\n<meta property=\"og:title\" content=\"Rechtliche Hinweise - Le Havre Birgit\" \/>\n<meta property=\"og:description\" content=\"Legal Notice Diese Website wird unterhalten von Grape Hospitality France ist eine vereinfachte Aktiengesellschaft, die im Handels- und\" \/>\n<meta property=\"og:url\" content=\"https:\/\/lehavre.hotelbirgit.com\/de\/mentions-legales\/\" \/>\n<meta property=\"og:site_name\" content=\"Le Havre Birgit\" \/>\n<meta property=\"article:modified_time\" content=\"2024-02-02T09:12:56+00:00\" \/>\n<meta name=\"twitter:card\" content=\"summary_large_image\" \/>\n<meta name=\"twitter:label1\" content=\"Gesch\u00e4tzte Lesezeit\" \/>\n\t<meta name=\"twitter:data1\" content=\"12 Minuten\" \/>\n<script type=\"application\/ld+json\" class=\"yoast-schema-graph\">{\"@context\":\"https:\/\/schema.org\",\"@graph\":[{\"@type\":\"WebPage\",\"@id\":\"https:\/\/lehavre.hotelbirgit.com\/de\/mentions-legales\/\",\"url\":\"https:\/\/lehavre.hotelbirgit.com\/de\/mentions-legales\/\",\"name\":\"Rechtliche Hinweise - Le Havre Birgit\",\"isPartOf\":{\"@id\":\"https:\/\/lehavre.hotelbirgit.com\/de\/#website\"},\"datePublished\":\"2022-08-01T12:25:44+00:00\",\"dateModified\":\"2024-02-02T09:12:56+00:00\",\"description\":\"Legal Notice Diese Website wird unterhalten von Grape Hospitality France ist eine vereinfachte Aktiengesellschaft, die im Handels- und\",\"breadcrumb\":{\"@id\":\"https:\/\/lehavre.hotelbirgit.com\/de\/mentions-legales\/#breadcrumb\"},\"inLanguage\":\"de-DE\",\"potentialAction\":[{\"@type\":\"ReadAction\",\"target\":[\"https:\/\/lehavre.hotelbirgit.com\/de\/mentions-legales\/\"]}]},{\"@type\":\"BreadcrumbList\",\"@id\":\"https:\/\/lehavre.hotelbirgit.com\/de\/mentions-legales\/#breadcrumb\",\"itemListElement\":[{\"@type\":\"ListItem\",\"position\":1,\"name\":\"Accueil\",\"item\":\"https:\/\/lehavre.hotelbirgit.com\/de\/\"},{\"@type\":\"ListItem\",\"position\":2,\"name\":\"Rechtliche Hinweise\"}]},{\"@type\":\"WebSite\",\"@id\":\"https:\/\/lehavre.hotelbirgit.com\/de\/#website\",\"url\":\"https:\/\/lehavre.hotelbirgit.com\/de\/\",\"name\":\"Le Havre Birgit\",\"description\":\"Un site utilisant ms.decms.eu\",\"potentialAction\":[{\"@type\":\"SearchAction\",\"target\":{\"@type\":\"EntryPoint\",\"urlTemplate\":\"https:\/\/lehavre.hotelbirgit.com\/de\/?s={search_term_string}\"},\"query-input\":{\"@type\":\"PropertyValueSpecification\",\"valueRequired\":true,\"valueName\":\"search_term_string\"}}],\"inLanguage\":\"de-DE\"}]}<\/script>\n<!-- \/ Yoast SEO plugin. -->","yoast_head_json":{"title":"Rechtliche Hinweise - Le Havre Birgit","description":"Legal Notice Diese Website wird unterhalten von Grape Hospitality France ist eine vereinfachte Aktiengesellschaft, die im Handels- und","robots":{"index":"index","follow":"follow","max-snippet":"max-snippet:-1","max-image-preview":"max-image-preview:large","max-video-preview":"max-video-preview:-1"},"canonical":"https:\/\/lehavre.hotelbirgit.com\/de\/mentions-legales\/","og_locale":"de_DE","og_type":"article","og_title":"Rechtliche Hinweise - Le Havre Birgit","og_description":"Legal Notice Diese Website wird unterhalten von Grape Hospitality France ist eine vereinfachte Aktiengesellschaft, die im Handels- und","og_url":"https:\/\/lehavre.hotelbirgit.com\/de\/mentions-legales\/","og_site_name":"Le Havre Birgit","article_modified_time":"2024-02-02T09:12:56+00:00","twitter_card":"summary_large_image","twitter_misc":{"Gesch\u00e4tzte Lesezeit":"12 Minuten"},"schema":{"@context":"https:\/\/schema.org","@graph":[{"@type":"WebPage","@id":"https:\/\/lehavre.hotelbirgit.com\/de\/mentions-legales\/","url":"https:\/\/lehavre.hotelbirgit.com\/de\/mentions-legales\/","name":"Rechtliche Hinweise - Le Havre Birgit","isPartOf":{"@id":"https:\/\/lehavre.hotelbirgit.com\/de\/#website"},"datePublished":"2022-08-01T12:25:44+00:00","dateModified":"2024-02-02T09:12:56+00:00","description":"Legal Notice Diese Website wird unterhalten von Grape Hospitality France ist eine vereinfachte Aktiengesellschaft, die im Handels- und","breadcrumb":{"@id":"https:\/\/lehavre.hotelbirgit.com\/de\/mentions-legales\/#breadcrumb"},"inLanguage":"de-DE","potentialAction":[{"@type":"ReadAction","target":["https:\/\/lehavre.hotelbirgit.com\/de\/mentions-legales\/"]}]},{"@type":"BreadcrumbList","@id":"https:\/\/lehavre.hotelbirgit.com\/de\/mentions-legales\/#breadcrumb","itemListElement":[{"@type":"ListItem","position":1,"name":"Accueil","item":"https:\/\/lehavre.hotelbirgit.com\/de\/"},{"@type":"ListItem","position":2,"name":"Rechtliche Hinweise"}]},{"@type":"WebSite","@id":"https:\/\/lehavre.hotelbirgit.com\/de\/#website","url":"https:\/\/lehavre.hotelbirgit.com\/de\/","name":"Le Havre Birgit","description":"Un site utilisant ms.decms.eu","potentialAction":[{"@type":"SearchAction","target":{"@type":"EntryPoint","urlTemplate":"https:\/\/lehavre.hotelbirgit.com\/de\/?s={search_term_string}"},"query-input":{"@type":"PropertyValueSpecification","valueRequired":true,"valueName":"search_term_string"}}],"inLanguage":"de-DE"}]}},"acf":[],"_links":{"self":[{"href":"https:\/\/lehavre.hotelbirgit.com\/de\/wp-json\/wp\/v2\/pages\/246","targetHints":{"allow":["GET"]}}],"collection":[{"href":"https:\/\/lehavre.hotelbirgit.com\/de\/wp-json\/wp\/v2\/pages"}],"about":[{"href":"https:\/\/lehavre.hotelbirgit.com\/de\/wp-json\/wp\/v2\/types\/page"}],"author":[{"embeddable":true,"href":"https:\/\/lehavre.hotelbirgit.com\/de\/wp-json\/wp\/v2\/users\/462"}],"replies":[{"embeddable":true,"href":"https:\/\/lehavre.hotelbirgit.com\/de\/wp-json\/wp\/v2\/comments?post=246"}],"version-history":[{"count":0,"href":"https:\/\/lehavre.hotelbirgit.com\/de\/wp-json\/wp\/v2\/pages\/246\/revisions"}],"wp:attachment":[{"href":"https:\/\/lehavre.hotelbirgit.com\/de\/wp-json\/wp\/v2\/media?parent=246"}],"curies":[{"name":"wp","href":"https:\/\/api.w.org\/{rel}","templated":true}]}}