{"id":231,"date":"2022-08-01T11:22:40","date_gmt":"2022-08-01T09:22:40","guid":{"rendered":"https:\/\/lehavre.hotelbirgit.com\/?page_id=231"},"modified":"2024-06-04T15:21:46","modified_gmt":"2024-06-04T13:21:46","slug":"le-rooftop-the-people-bar","status":"publish","type":"page","link":"https:\/\/lehavre.hotelbirgit.com\/de\/le-rooftop-the-people-bar\/","title":{"rendered":"Rooftop The People Bar"},"content":{"rendered":"<p>In der obersten Etage des H\u00f4tel B!RGIT befindet sich die People Bar \u2013 der neueste Treffpunkt, den man in Le\u00a0Havre unbedingt besuchen muss.<\/p>\n<p>Mit ihrer einzigartigen Atmosph\u00e4re ist diese Bar auf dem Dach der perfekte Ort, um einen Drink, ein Mittagessen, einen Brunch oder einen Tanz zu genie\u00dfen!<\/p>\n<p>Genie\u00dfen Sie ein St\u00fcck \u201eLa Dolce Vita\u201c in der People Bar \u2013 einem Veranstaltungsort f\u00fcr drei Veranstaltungen pro Woche, Live-Musik, Bier, Cocktails, guter Musik und nicht zuletzt einem tollen Blick auf den Sonnenuntergang!<\/p>\n","protected":false},"excerpt":{"rendered":"<p>In der obersten Etage des H\u00f4tel B!RGIT befindet sich die People Bar \u2013 der neueste Treffpunkt, den man in Le\u00a0Havre unbedingt besuchen muss. Mit ihrer einzigartigen Atmosph\u00e4re ist diese Bar auf dem Dach der perfekte Ort, um einen Drink, ein Mittagessen, einen Brunch oder einen Tanz zu genie\u00dfen! Genie\u00dfen Sie ein St\u00fcck \u201eLa Dolce Vita\u201c [&hellip;]<\/p>\n","protected":false},"author":462,"featured_media":0,"parent":0,"menu_order":0,"comment_status":"closed","ping_status":"closed","template":"","meta":{"footnotes":""},"class_list":["post-231","page","type-page","status-publish","hentry"],"yoast_head":"<!-- This site is optimized with the Yoast SEO plugin v26.9 - https:\/\/yoast.com\/product\/yoast-seo-wordpress\/ -->\n<title>Rooftop Bar Le Havre Centre | The People Bar &amp; BIRGIT Hotel<\/title>\n<meta name=\"description\" content=\"uche beendet, hier ist DIE neue Adresse in Le Havre: Die Rooftop The People Bar. Was gibt es Besseres als mit Freunden einen Drink zu genie\u00dfen und P\u00e9tanque zu spielen?\" \/>\n<meta name=\"robots\" content=\"index, follow, max-snippet:-1, max-image-preview:large, max-video-preview:-1\" \/>\n<link rel=\"canonical\" href=\"https:\/\/lehavre.hotelbirgit.com\/de\/le-rooftop-the-people-bar\/\" \/>\n<meta property=\"og:locale\" content=\"de_DE\" \/>\n<meta property=\"og:type\" content=\"article\" \/>\n<meta property=\"og:title\" content=\"Rooftop Bar Le Havre Centre | The People Bar &amp; BIRGIT Hotel\" \/>\n<meta property=\"og:description\" content=\"uche beendet, hier ist DIE neue Adresse in Le Havre: Die Rooftop The People Bar. Was gibt es Besseres als mit Freunden einen Drink zu genie\u00dfen und P\u00e9tanque zu spielen?\" \/>\n<meta property=\"og:url\" content=\"https:\/\/lehavre.hotelbirgit.com\/de\/le-rooftop-the-people-bar\/\" \/>\n<meta property=\"og:site_name\" content=\"Le Havre Birgit\" \/>\n<meta property=\"article:modified_time\" content=\"2024-06-04T13:21:46+00:00\" \/>\n<meta name=\"twitter:card\" content=\"summary_large_image\" \/>\n<meta name=\"twitter:label1\" content=\"Gesch\u00e4tzte Lesezeit\" \/>\n\t<meta name=\"twitter:data1\" content=\"1 Minute\" \/>\n<script type=\"application\/ld+json\" class=\"yoast-schema-graph\">{\"@context\":\"https:\/\/schema.org\",\"@graph\":[{\"@type\":\"WebPage\",\"@id\":\"https:\/\/lehavre.hotelbirgit.com\/de\/le-rooftop-the-people-bar\/\",\"url\":\"https:\/\/lehavre.hotelbirgit.com\/de\/le-rooftop-the-people-bar\/\",\"name\":\"Rooftop Bar Le Havre Centre | The People Bar & BIRGIT Hotel\",\"isPartOf\":{\"@id\":\"https:\/\/lehavre.hotelbirgit.com\/de\/#website\"},\"datePublished\":\"2022-08-01T09:22:40+00:00\",\"dateModified\":\"2024-06-04T13:21:46+00:00\",\"description\":\"uche beendet, hier ist DIE neue Adresse in Le Havre: Die Rooftop The People Bar. Was gibt es Besseres als mit Freunden einen Drink zu genie\u00dfen und P\u00e9tanque zu spielen?\",\"breadcrumb\":{\"@id\":\"https:\/\/lehavre.hotelbirgit.com\/de\/le-rooftop-the-people-bar\/#breadcrumb\"},\"inLanguage\":\"de-DE\",\"potentialAction\":[{\"@type\":\"ReadAction\",\"target\":[\"https:\/\/lehavre.hotelbirgit.com\/de\/le-rooftop-the-people-bar\/\"]}]},{\"@type\":\"BreadcrumbList\",\"@id\":\"https:\/\/lehavre.hotelbirgit.com\/de\/le-rooftop-the-people-bar\/#breadcrumb\",\"itemListElement\":[{\"@type\":\"ListItem\",\"position\":1,\"name\":\"Accueil\",\"item\":\"https:\/\/lehavre.hotelbirgit.com\/de\/\"},{\"@type\":\"ListItem\",\"position\":2,\"name\":\"Rooftop The People Bar\"}]},{\"@type\":\"WebSite\",\"@id\":\"https:\/\/lehavre.hotelbirgit.com\/de\/#website\",\"url\":\"https:\/\/lehavre.hotelbirgit.com\/de\/\",\"name\":\"Le Havre Birgit\",\"description\":\"Un site utilisant ms.decms.eu\",\"potentialAction\":[{\"@type\":\"SearchAction\",\"target\":{\"@type\":\"EntryPoint\",\"urlTemplate\":\"https:\/\/lehavre.hotelbirgit.com\/de\/?s={search_term_string}\"},\"query-input\":{\"@type\":\"PropertyValueSpecification\",\"valueRequired\":true,\"valueName\":\"search_term_string\"}}],\"inLanguage\":\"de-DE\"}]}<\/script>\n<!-- \/ Yoast SEO plugin. -->","yoast_head_json":{"title":"Rooftop Bar Le Havre Centre | The People Bar & BIRGIT Hotel","description":"uche beendet, hier ist DIE neue Adresse in Le Havre: Die Rooftop The People Bar. Was gibt es Besseres als mit Freunden einen Drink zu genie\u00dfen und P\u00e9tanque zu spielen?","robots":{"index":"index","follow":"follow","max-snippet":"max-snippet:-1","max-image-preview":"max-image-preview:large","max-video-preview":"max-video-preview:-1"},"canonical":"https:\/\/lehavre.hotelbirgit.com\/de\/le-rooftop-the-people-bar\/","og_locale":"de_DE","og_type":"article","og_title":"Rooftop Bar Le Havre Centre | The People Bar & BIRGIT Hotel","og_description":"uche beendet, hier ist DIE neue Adresse in Le Havre: Die Rooftop The People Bar. Was gibt es Besseres als mit Freunden einen Drink zu genie\u00dfen und P\u00e9tanque zu spielen?","og_url":"https:\/\/lehavre.hotelbirgit.com\/de\/le-rooftop-the-people-bar\/","og_site_name":"Le Havre Birgit","article_modified_time":"2024-06-04T13:21:46+00:00","twitter_card":"summary_large_image","twitter_misc":{"Gesch\u00e4tzte Lesezeit":"1 Minute"},"schema":{"@context":"https:\/\/schema.org","@graph":[{"@type":"WebPage","@id":"https:\/\/lehavre.hotelbirgit.com\/de\/le-rooftop-the-people-bar\/","url":"https:\/\/lehavre.hotelbirgit.com\/de\/le-rooftop-the-people-bar\/","name":"Rooftop Bar Le Havre Centre | The People Bar & BIRGIT Hotel","isPartOf":{"@id":"https:\/\/lehavre.hotelbirgit.com\/de\/#website"},"datePublished":"2022-08-01T09:22:40+00:00","dateModified":"2024-06-04T13:21:46+00:00","description":"uche beendet, hier ist DIE neue Adresse in Le Havre: Die Rooftop The People Bar. Was gibt es Besseres als mit Freunden einen Drink zu genie\u00dfen und P\u00e9tanque zu spielen?","breadcrumb":{"@id":"https:\/\/lehavre.hotelbirgit.com\/de\/le-rooftop-the-people-bar\/#breadcrumb"},"inLanguage":"de-DE","potentialAction":[{"@type":"ReadAction","target":["https:\/\/lehavre.hotelbirgit.com\/de\/le-rooftop-the-people-bar\/"]}]},{"@type":"BreadcrumbList","@id":"https:\/\/lehavre.hotelbirgit.com\/de\/le-rooftop-the-people-bar\/#breadcrumb","itemListElement":[{"@type":"ListItem","position":1,"name":"Accueil","item":"https:\/\/lehavre.hotelbirgit.com\/de\/"},{"@type":"ListItem","position":2,"name":"Rooftop The People Bar"}]},{"@type":"WebSite","@id":"https:\/\/lehavre.hotelbirgit.com\/de\/#website","url":"https:\/\/lehavre.hotelbirgit.com\/de\/","name":"Le Havre Birgit","description":"Un site utilisant ms.decms.eu","potentialAction":[{"@type":"SearchAction","target":{"@type":"EntryPoint","urlTemplate":"https:\/\/lehavre.hotelbirgit.com\/de\/?s={search_term_string}"},"query-input":{"@type":"PropertyValueSpecification","valueRequired":true,"valueName":"search_term_string"}}],"inLanguage":"de-DE"}]}},"acf":[],"_links":{"self":[{"href":"https:\/\/lehavre.hotelbirgit.com\/de\/wp-json\/wp\/v2\/pages\/231","targetHints":{"allow":["GET"]}}],"collection":[{"href":"https:\/\/lehavre.hotelbirgit.com\/de\/wp-json\/wp\/v2\/pages"}],"about":[{"href":"https:\/\/lehavre.hotelbirgit.com\/de\/wp-json\/wp\/v2\/types\/page"}],"author":[{"embeddable":true,"href":"https:\/\/lehavre.hotelbirgit.com\/de\/wp-json\/wp\/v2\/users\/462"}],"replies":[{"embeddable":true,"href":"https:\/\/lehavre.hotelbirgit.com\/de\/wp-json\/wp\/v2\/comments?post=231"}],"version-history":[{"count":0,"href":"https:\/\/lehavre.hotelbirgit.com\/de\/wp-json\/wp\/v2\/pages\/231\/revisions"}],"wp:attachment":[{"href":"https:\/\/lehavre.hotelbirgit.com\/de\/wp-json\/wp\/v2\/media?parent=231"}],"curies":[{"name":"wp","href":"https:\/\/api.w.org\/{rel}","templated":true}]}}