{"id":224,"date":"2022-08-01T11:11:19","date_gmt":"2022-08-01T09:11:19","guid":{"rendered":"https:\/\/lehavre.hotelbirgit.com\/?page_id=224"},"modified":"2025-01-06T17:37:09","modified_gmt":"2025-01-06T16:37:09","slug":"bliberty","status":"publish","type":"page","link":"https:\/\/lehavre.hotelbirgit.com\/de\/dormir\/bliberty\/","title":{"rendered":"KOMFORT ZIMMER"},"content":{"rendered":"<p>Komfort Zimmer ist ein ger\u00e4umiges und gem\u00fctliches Doppelzimmer, zu dessen Ausstattung auch ein sch\u00f6ner Design-Sessel und ein Willkommenstablett geh\u00f6ren.<\/p>\n<p><span style=\"font-weight: 400\">Das ist der ideale Ausgangspunkt f\u00fcr den Besuch der Innenstadt von Le Havre. Nach Ihrem Stadtrundgang k\u00f6nnen Sie sich in Ihrem Zimmer entspannen oder direkt von Ihrem Schreibtisch aus ein paar E-Mails verschicken.<\/span><\/p>\n<p>&nbsp;<\/p>\n","protected":false},"excerpt":{"rendered":"<p>Komfort Zimmer ist ein ger\u00e4umiges und gem\u00fctliches Doppelzimmer, zu dessen Ausstattung auch ein sch\u00f6ner Design-Sessel und ein Willkommenstablett geh\u00f6ren. Das ist der ideale Ausgangspunkt f\u00fcr den Besuch der Innenstadt von Le Havre. Nach Ihrem Stadtrundgang k\u00f6nnen Sie sich in Ihrem Zimmer entspannen oder direkt von Ihrem Schreibtisch aus ein paar E-Mails verschicken. &nbsp;<\/p>\n","protected":false},"author":462,"featured_media":0,"parent":202,"menu_order":40,"comment_status":"closed","ping_status":"closed","template":"template-single-room.php","meta":{"footnotes":""},"class_list":["post-224","page","type-page","status-publish","hentry"],"yoast_head":"<!-- This site is optimized with the Yoast SEO plugin v26.9 - https:\/\/yoast.com\/product\/yoast-seo-wordpress\/ -->\n<title>Hotel BIRGIT Le Havre Centre | Gem\u00fctliche und ger\u00e4umige Zimmer<\/title>\n<meta name=\"description\" content=\"Genie\u00dfen Sie f\u00fcr Ihren Aufenthalt in Le Havre den Komfort Zimmer. Ger\u00e4umige und gem\u00fctliche Zimmer, die ideale Unterkunft in Le Have!\" \/>\n<meta name=\"robots\" content=\"index, follow, max-snippet:-1, max-image-preview:large, max-video-preview:-1\" \/>\n<link rel=\"canonical\" href=\"https:\/\/lehavre.hotelbirgit.com\/de\/dormir\/bliberty\/\" \/>\n<meta property=\"og:locale\" content=\"de_DE\" \/>\n<meta property=\"og:type\" content=\"article\" \/>\n<meta property=\"og:title\" content=\"Hotel BIRGIT Le Havre Centre | Gem\u00fctliche und ger\u00e4umige Zimmer\" \/>\n<meta property=\"og:description\" content=\"Genie\u00dfen Sie f\u00fcr Ihren Aufenthalt in Le Havre den Komfort Zimmer. Ger\u00e4umige und gem\u00fctliche Zimmer, die ideale Unterkunft in Le Have!\" \/>\n<meta property=\"og:url\" content=\"https:\/\/lehavre.hotelbirgit.com\/de\/dormir\/bliberty\/\" \/>\n<meta property=\"og:site_name\" content=\"Le Havre Birgit\" \/>\n<meta property=\"article:modified_time\" content=\"2025-01-06T16:37:09+00:00\" \/>\n<meta name=\"twitter:card\" content=\"summary_large_image\" \/>\n<meta name=\"twitter:label1\" content=\"Gesch\u00e4tzte Lesezeit\" \/>\n\t<meta name=\"twitter:data1\" content=\"1 Minute\" \/>\n<script type=\"application\/ld+json\" class=\"yoast-schema-graph\">{\"@context\":\"https:\/\/schema.org\",\"@graph\":[{\"@type\":\"WebPage\",\"@id\":\"https:\/\/lehavre.hotelbirgit.com\/de\/dormir\/bliberty\/\",\"url\":\"https:\/\/lehavre.hotelbirgit.com\/de\/dormir\/bliberty\/\",\"name\":\"Hotel BIRGIT Le Havre Centre | Gem\u00fctliche und ger\u00e4umige Zimmer\",\"isPartOf\":{\"@id\":\"https:\/\/lehavre.hotelbirgit.com\/de\/#website\"},\"datePublished\":\"2022-08-01T09:11:19+00:00\",\"dateModified\":\"2025-01-06T16:37:09+00:00\",\"description\":\"Genie\u00dfen Sie f\u00fcr Ihren Aufenthalt in Le Havre den Komfort Zimmer. Ger\u00e4umige und gem\u00fctliche Zimmer, die ideale Unterkunft in Le Have!\",\"breadcrumb\":{\"@id\":\"https:\/\/lehavre.hotelbirgit.com\/de\/dormir\/bliberty\/#breadcrumb\"},\"inLanguage\":\"de-DE\",\"potentialAction\":[{\"@type\":\"ReadAction\",\"target\":[\"https:\/\/lehavre.hotelbirgit.com\/de\/dormir\/bliberty\/\"]}]},{\"@type\":\"BreadcrumbList\",\"@id\":\"https:\/\/lehavre.hotelbirgit.com\/de\/dormir\/bliberty\/#breadcrumb\",\"itemListElement\":[{\"@type\":\"ListItem\",\"position\":1,\"name\":\"Accueil\",\"item\":\"https:\/\/lehavre.hotelbirgit.com\/de\/\"},{\"@type\":\"ListItem\",\"position\":2,\"name\":\"SCHLAFEN\",\"item\":\"https:\/\/lehavre.hotelbirgit.com\/de\/dormir\/\"},{\"@type\":\"ListItem\",\"position\":3,\"name\":\"KOMFORT ZIMMER\"}]},{\"@type\":\"WebSite\",\"@id\":\"https:\/\/lehavre.hotelbirgit.com\/de\/#website\",\"url\":\"https:\/\/lehavre.hotelbirgit.com\/de\/\",\"name\":\"Le Havre Birgit\",\"description\":\"Un site utilisant ms.decms.eu\",\"potentialAction\":[{\"@type\":\"SearchAction\",\"target\":{\"@type\":\"EntryPoint\",\"urlTemplate\":\"https:\/\/lehavre.hotelbirgit.com\/de\/?s={search_term_string}\"},\"query-input\":{\"@type\":\"PropertyValueSpecification\",\"valueRequired\":true,\"valueName\":\"search_term_string\"}}],\"inLanguage\":\"de-DE\"}]}<\/script>\n<!-- \/ Yoast SEO plugin. -->","yoast_head_json":{"title":"Hotel BIRGIT Le Havre Centre | Gem\u00fctliche und ger\u00e4umige Zimmer","description":"Genie\u00dfen Sie f\u00fcr Ihren Aufenthalt in Le Havre den Komfort Zimmer. Ger\u00e4umige und gem\u00fctliche Zimmer, die ideale Unterkunft in Le Have!","robots":{"index":"index","follow":"follow","max-snippet":"max-snippet:-1","max-image-preview":"max-image-preview:large","max-video-preview":"max-video-preview:-1"},"canonical":"https:\/\/lehavre.hotelbirgit.com\/de\/dormir\/bliberty\/","og_locale":"de_DE","og_type":"article","og_title":"Hotel BIRGIT Le Havre Centre | Gem\u00fctliche und ger\u00e4umige Zimmer","og_description":"Genie\u00dfen Sie f\u00fcr Ihren Aufenthalt in Le Havre den Komfort Zimmer. Ger\u00e4umige und gem\u00fctliche Zimmer, die ideale Unterkunft in Le Have!","og_url":"https:\/\/lehavre.hotelbirgit.com\/de\/dormir\/bliberty\/","og_site_name":"Le Havre Birgit","article_modified_time":"2025-01-06T16:37:09+00:00","twitter_card":"summary_large_image","twitter_misc":{"Gesch\u00e4tzte Lesezeit":"1 Minute"},"schema":{"@context":"https:\/\/schema.org","@graph":[{"@type":"WebPage","@id":"https:\/\/lehavre.hotelbirgit.com\/de\/dormir\/bliberty\/","url":"https:\/\/lehavre.hotelbirgit.com\/de\/dormir\/bliberty\/","name":"Hotel BIRGIT Le Havre Centre | Gem\u00fctliche und ger\u00e4umige Zimmer","isPartOf":{"@id":"https:\/\/lehavre.hotelbirgit.com\/de\/#website"},"datePublished":"2022-08-01T09:11:19+00:00","dateModified":"2025-01-06T16:37:09+00:00","description":"Genie\u00dfen Sie f\u00fcr Ihren Aufenthalt in Le Havre den Komfort Zimmer. Ger\u00e4umige und gem\u00fctliche Zimmer, die ideale Unterkunft in Le Have!","breadcrumb":{"@id":"https:\/\/lehavre.hotelbirgit.com\/de\/dormir\/bliberty\/#breadcrumb"},"inLanguage":"de-DE","potentialAction":[{"@type":"ReadAction","target":["https:\/\/lehavre.hotelbirgit.com\/de\/dormir\/bliberty\/"]}]},{"@type":"BreadcrumbList","@id":"https:\/\/lehavre.hotelbirgit.com\/de\/dormir\/bliberty\/#breadcrumb","itemListElement":[{"@type":"ListItem","position":1,"name":"Accueil","item":"https:\/\/lehavre.hotelbirgit.com\/de\/"},{"@type":"ListItem","position":2,"name":"SCHLAFEN","item":"https:\/\/lehavre.hotelbirgit.com\/de\/dormir\/"},{"@type":"ListItem","position":3,"name":"KOMFORT ZIMMER"}]},{"@type":"WebSite","@id":"https:\/\/lehavre.hotelbirgit.com\/de\/#website","url":"https:\/\/lehavre.hotelbirgit.com\/de\/","name":"Le Havre Birgit","description":"Un site utilisant ms.decms.eu","potentialAction":[{"@type":"SearchAction","target":{"@type":"EntryPoint","urlTemplate":"https:\/\/lehavre.hotelbirgit.com\/de\/?s={search_term_string}"},"query-input":{"@type":"PropertyValueSpecification","valueRequired":true,"valueName":"search_term_string"}}],"inLanguage":"de-DE"}]}},"acf":[],"_links":{"self":[{"href":"https:\/\/lehavre.hotelbirgit.com\/de\/wp-json\/wp\/v2\/pages\/224","targetHints":{"allow":["GET"]}}],"collection":[{"href":"https:\/\/lehavre.hotelbirgit.com\/de\/wp-json\/wp\/v2\/pages"}],"about":[{"href":"https:\/\/lehavre.hotelbirgit.com\/de\/wp-json\/wp\/v2\/types\/page"}],"author":[{"embeddable":true,"href":"https:\/\/lehavre.hotelbirgit.com\/de\/wp-json\/wp\/v2\/users\/462"}],"replies":[{"embeddable":true,"href":"https:\/\/lehavre.hotelbirgit.com\/de\/wp-json\/wp\/v2\/comments?post=224"}],"version-history":[{"count":0,"href":"https:\/\/lehavre.hotelbirgit.com\/de\/wp-json\/wp\/v2\/pages\/224\/revisions"}],"up":[{"embeddable":true,"href":"https:\/\/lehavre.hotelbirgit.com\/de\/wp-json\/wp\/v2\/pages\/202"}],"wp:attachment":[{"href":"https:\/\/lehavre.hotelbirgit.com\/de\/wp-json\/wp\/v2\/media?parent=224"}],"curies":[{"name":"wp","href":"https:\/\/api.w.org\/{rel}","templated":true}]}}