{"id":222,"date":"2022-08-01T11:05:56","date_gmt":"2022-08-01T09:05:56","guid":{"rendered":"https:\/\/lehavre.hotelbirgit.com\/?page_id=222"},"modified":"2023-01-24T19:18:18","modified_gmt":"2023-01-24T18:18:18","slug":"btriple","status":"publish","type":"page","link":"https:\/\/lehavre.hotelbirgit.com\/de\/dormir\/btriple\/","title":{"rendered":"TRIPLE ZIMMER"},"content":{"rendered":"<p><span style=\"font-weight: 400\">Buchen Sie f\u00fcr Ihren Aufenthalt mit der Familie oder mit Freund*innen ein TRIPLE Zimmer f\u00fcr bis zu 3 Personen! Diese Zimmer mit Queensize-Bett und einem Bettsofa sind f\u00fcr Familien mit 1 Kind oder f\u00fcr 3 Freund*innen geeignet.<\/span><\/p>\n<p><span style=\"font-weight: 400\">Das Hotel B!RGIT ist der ideale Ausgangspunkt f\u00fcr den Besuch der Innenstadt von Le Havre.<\/span><span style=\"font-weight: 400\"><br \/>\n<\/span><span style=\"font-weight: 400\">Sie m\u00f6chten einige E-Mails verschicken? Das k\u00f6nnen Sie direkt vom Schreibtisch in Ihrem Zimmer aus tun!<\/span><\/p>\n<p>&nbsp;<\/p>\n","protected":false},"excerpt":{"rendered":"<p>Buchen Sie f\u00fcr Ihren Aufenthalt mit der Familie oder mit Freund*innen ein TRIPLE Zimmer f\u00fcr bis zu 3 Personen! Diese Zimmer mit Queensize-Bett und einem Bettsofa sind f\u00fcr Familien mit 1 Kind oder f\u00fcr 3 Freund*innen geeignet. Das Hotel B!RGIT ist der ideale Ausgangspunkt f\u00fcr den Besuch der Innenstadt von Le Havre. Sie m\u00f6chten einige [&hellip;]<\/p>\n","protected":false},"author":462,"featured_media":0,"parent":202,"menu_order":30,"comment_status":"closed","ping_status":"closed","template":"template-single-room.php","meta":{"footnotes":""},"class_list":["post-222","page","type-page","status-publish","hentry"],"yoast_head":"<!-- This site is optimized with the Yoast SEO plugin v26.9 - https:\/\/yoast.com\/product\/yoast-seo-wordpress\/ -->\n<title>Hotel BIRGIT Le Havre | Zimmer f\u00fcr Familien oder Freund*innen<\/title>\n<meta name=\"description\" content=\"Buchen Sie f\u00fcr Ihren Aufenthalt mit der Familie oder mit Freund*innen ein Zimmer f\u00fcr 3 Personen in unserem zentral gelegenen Hotel! B!RGIT \u2013 ein Hotel, in dem man sich wie zuhause f\u00fchlt!\" \/>\n<meta name=\"robots\" content=\"index, follow, max-snippet:-1, max-image-preview:large, max-video-preview:-1\" \/>\n<link rel=\"canonical\" href=\"https:\/\/lehavre.hotelbirgit.com\/de\/dormir\/btriple\/\" \/>\n<meta property=\"og:locale\" content=\"de_DE\" \/>\n<meta property=\"og:type\" content=\"article\" \/>\n<meta property=\"og:title\" content=\"Hotel BIRGIT Le Havre | Zimmer f\u00fcr Familien oder Freund*innen\" \/>\n<meta property=\"og:description\" content=\"Buchen Sie f\u00fcr Ihren Aufenthalt mit der Familie oder mit Freund*innen ein Zimmer f\u00fcr 3 Personen in unserem zentral gelegenen Hotel! B!RGIT \u2013 ein Hotel, in dem man sich wie zuhause f\u00fchlt!\" \/>\n<meta property=\"og:url\" content=\"https:\/\/lehavre.hotelbirgit.com\/de\/dormir\/btriple\/\" \/>\n<meta property=\"og:site_name\" content=\"Le Havre Birgit\" \/>\n<meta property=\"article:modified_time\" content=\"2023-01-24T18:18:18+00:00\" \/>\n<meta name=\"twitter:card\" content=\"summary_large_image\" \/>\n<meta name=\"twitter:label1\" content=\"Gesch\u00e4tzte Lesezeit\" \/>\n\t<meta name=\"twitter:data1\" content=\"1 Minute\" \/>\n<script type=\"application\/ld+json\" class=\"yoast-schema-graph\">{\"@context\":\"https:\/\/schema.org\",\"@graph\":[{\"@type\":\"WebPage\",\"@id\":\"https:\/\/lehavre.hotelbirgit.com\/de\/dormir\/btriple\/\",\"url\":\"https:\/\/lehavre.hotelbirgit.com\/de\/dormir\/btriple\/\",\"name\":\"Hotel BIRGIT Le Havre | Zimmer f\u00fcr Familien oder Freund*innen\",\"isPartOf\":{\"@id\":\"https:\/\/lehavre.hotelbirgit.com\/de\/#website\"},\"datePublished\":\"2022-08-01T09:05:56+00:00\",\"dateModified\":\"2023-01-24T18:18:18+00:00\",\"description\":\"Buchen Sie f\u00fcr Ihren Aufenthalt mit der Familie oder mit Freund*innen ein Zimmer f\u00fcr 3 Personen in unserem zentral gelegenen Hotel! B!RGIT \u2013 ein Hotel, in dem man sich wie zuhause f\u00fchlt!\",\"breadcrumb\":{\"@id\":\"https:\/\/lehavre.hotelbirgit.com\/de\/dormir\/btriple\/#breadcrumb\"},\"inLanguage\":\"de-DE\",\"potentialAction\":[{\"@type\":\"ReadAction\",\"target\":[\"https:\/\/lehavre.hotelbirgit.com\/de\/dormir\/btriple\/\"]}]},{\"@type\":\"BreadcrumbList\",\"@id\":\"https:\/\/lehavre.hotelbirgit.com\/de\/dormir\/btriple\/#breadcrumb\",\"itemListElement\":[{\"@type\":\"ListItem\",\"position\":1,\"name\":\"Accueil\",\"item\":\"https:\/\/lehavre.hotelbirgit.com\/de\/\"},{\"@type\":\"ListItem\",\"position\":2,\"name\":\"SCHLAFEN\",\"item\":\"https:\/\/lehavre.hotelbirgit.com\/de\/dormir\/\"},{\"@type\":\"ListItem\",\"position\":3,\"name\":\"TRIPLE ZIMMER\"}]},{\"@type\":\"WebSite\",\"@id\":\"https:\/\/lehavre.hotelbirgit.com\/de\/#website\",\"url\":\"https:\/\/lehavre.hotelbirgit.com\/de\/\",\"name\":\"Le Havre Birgit\",\"description\":\"Un site utilisant ms.decms.eu\",\"potentialAction\":[{\"@type\":\"SearchAction\",\"target\":{\"@type\":\"EntryPoint\",\"urlTemplate\":\"https:\/\/lehavre.hotelbirgit.com\/de\/?s={search_term_string}\"},\"query-input\":{\"@type\":\"PropertyValueSpecification\",\"valueRequired\":true,\"valueName\":\"search_term_string\"}}],\"inLanguage\":\"de-DE\"}]}<\/script>\n<!-- \/ Yoast SEO plugin. -->","yoast_head_json":{"title":"Hotel BIRGIT Le Havre | Zimmer f\u00fcr Familien oder Freund*innen","description":"Buchen Sie f\u00fcr Ihren Aufenthalt mit der Familie oder mit Freund*innen ein Zimmer f\u00fcr 3 Personen in unserem zentral gelegenen Hotel! B!RGIT \u2013 ein Hotel, in dem man sich wie zuhause f\u00fchlt!","robots":{"index":"index","follow":"follow","max-snippet":"max-snippet:-1","max-image-preview":"max-image-preview:large","max-video-preview":"max-video-preview:-1"},"canonical":"https:\/\/lehavre.hotelbirgit.com\/de\/dormir\/btriple\/","og_locale":"de_DE","og_type":"article","og_title":"Hotel BIRGIT Le Havre | Zimmer f\u00fcr Familien oder Freund*innen","og_description":"Buchen Sie f\u00fcr Ihren Aufenthalt mit der Familie oder mit Freund*innen ein Zimmer f\u00fcr 3 Personen in unserem zentral gelegenen Hotel! B!RGIT \u2013 ein Hotel, in dem man sich wie zuhause f\u00fchlt!","og_url":"https:\/\/lehavre.hotelbirgit.com\/de\/dormir\/btriple\/","og_site_name":"Le Havre Birgit","article_modified_time":"2023-01-24T18:18:18+00:00","twitter_card":"summary_large_image","twitter_misc":{"Gesch\u00e4tzte Lesezeit":"1 Minute"},"schema":{"@context":"https:\/\/schema.org","@graph":[{"@type":"WebPage","@id":"https:\/\/lehavre.hotelbirgit.com\/de\/dormir\/btriple\/","url":"https:\/\/lehavre.hotelbirgit.com\/de\/dormir\/btriple\/","name":"Hotel BIRGIT Le Havre | Zimmer f\u00fcr Familien oder Freund*innen","isPartOf":{"@id":"https:\/\/lehavre.hotelbirgit.com\/de\/#website"},"datePublished":"2022-08-01T09:05:56+00:00","dateModified":"2023-01-24T18:18:18+00:00","description":"Buchen Sie f\u00fcr Ihren Aufenthalt mit der Familie oder mit Freund*innen ein Zimmer f\u00fcr 3 Personen in unserem zentral gelegenen Hotel! B!RGIT \u2013 ein Hotel, in dem man sich wie zuhause f\u00fchlt!","breadcrumb":{"@id":"https:\/\/lehavre.hotelbirgit.com\/de\/dormir\/btriple\/#breadcrumb"},"inLanguage":"de-DE","potentialAction":[{"@type":"ReadAction","target":["https:\/\/lehavre.hotelbirgit.com\/de\/dormir\/btriple\/"]}]},{"@type":"BreadcrumbList","@id":"https:\/\/lehavre.hotelbirgit.com\/de\/dormir\/btriple\/#breadcrumb","itemListElement":[{"@type":"ListItem","position":1,"name":"Accueil","item":"https:\/\/lehavre.hotelbirgit.com\/de\/"},{"@type":"ListItem","position":2,"name":"SCHLAFEN","item":"https:\/\/lehavre.hotelbirgit.com\/de\/dormir\/"},{"@type":"ListItem","position":3,"name":"TRIPLE ZIMMER"}]},{"@type":"WebSite","@id":"https:\/\/lehavre.hotelbirgit.com\/de\/#website","url":"https:\/\/lehavre.hotelbirgit.com\/de\/","name":"Le Havre Birgit","description":"Un site utilisant ms.decms.eu","potentialAction":[{"@type":"SearchAction","target":{"@type":"EntryPoint","urlTemplate":"https:\/\/lehavre.hotelbirgit.com\/de\/?s={search_term_string}"},"query-input":{"@type":"PropertyValueSpecification","valueRequired":true,"valueName":"search_term_string"}}],"inLanguage":"de-DE"}]}},"acf":[],"_links":{"self":[{"href":"https:\/\/lehavre.hotelbirgit.com\/de\/wp-json\/wp\/v2\/pages\/222","targetHints":{"allow":["GET"]}}],"collection":[{"href":"https:\/\/lehavre.hotelbirgit.com\/de\/wp-json\/wp\/v2\/pages"}],"about":[{"href":"https:\/\/lehavre.hotelbirgit.com\/de\/wp-json\/wp\/v2\/types\/page"}],"author":[{"embeddable":true,"href":"https:\/\/lehavre.hotelbirgit.com\/de\/wp-json\/wp\/v2\/users\/462"}],"replies":[{"embeddable":true,"href":"https:\/\/lehavre.hotelbirgit.com\/de\/wp-json\/wp\/v2\/comments?post=222"}],"version-history":[{"count":0,"href":"https:\/\/lehavre.hotelbirgit.com\/de\/wp-json\/wp\/v2\/pages\/222\/revisions"}],"up":[{"embeddable":true,"href":"https:\/\/lehavre.hotelbirgit.com\/de\/wp-json\/wp\/v2\/pages\/202"}],"wp:attachment":[{"href":"https:\/\/lehavre.hotelbirgit.com\/de\/wp-json\/wp\/v2\/media?parent=222"}],"curies":[{"name":"wp","href":"https:\/\/api.w.org\/{rel}","templated":true}]}}