{"id":220,"date":"2022-08-01T11:01:08","date_gmt":"2022-08-01T09:01:08","guid":{"rendered":"https:\/\/lehavre.hotelbirgit.com\/?page_id=220"},"modified":"2023-01-24T19:14:43","modified_gmt":"2023-01-24T18:14:43","slug":"bfriends","status":"publish","type":"page","link":"https:\/\/lehavre.hotelbirgit.com\/de\/dormir\/bfriends\/","title":{"rendered":"ZWEIBETTZIMMER"},"content":{"rendered":"<p><span style=\"font-weight: 400\">Buchen Sie eines unserer sch\u00f6n gestalteten und komfortablen Doppelzimmer mit Twin-Betten!<\/span><\/p>\n<p><span style=\"font-weight: 400\">Unsere zimmer mit ihrem farbenfrohen, originellen Dekor zeichnen sich durch ihre behagliche Atmosph\u00e4re aus.<\/span><\/p>\n<p><span style=\"font-weight: 400\">Ob allein oder zu zweit \u2013 dieses voll ausgestattete Zimmer bietet Ihnen die ideale Umgebung, um sich nach einem Rundgang durch die Innenstadt zu erholen.<\/span><\/p>\n<p>&nbsp;<\/p>\n","protected":false},"excerpt":{"rendered":"<p>Buchen Sie eines unserer sch\u00f6n gestalteten und komfortablen Doppelzimmer mit Twin-Betten! Unsere zimmer mit ihrem farbenfrohen, originellen Dekor zeichnen sich durch ihre behagliche Atmosph\u00e4re aus. Ob allein oder zu zweit \u2013 dieses voll ausgestattete Zimmer bietet Ihnen die ideale Umgebung, um sich nach einem Rundgang durch die Innenstadt zu erholen. &nbsp;<\/p>\n","protected":false},"author":462,"featured_media":0,"parent":202,"menu_order":20,"comment_status":"closed","ping_status":"closed","template":"template-single-room.php","meta":{"footnotes":""},"class_list":["post-220","page","type-page","status-publish","hentry"],"yoast_head":"<!-- This site is optimized with the Yoast SEO plugin v26.9 - https:\/\/yoast.com\/product\/yoast-seo-wordpress\/ -->\n<title>Hotel BIRGIT Le Havre Centre | Sch\u00f6n gestaltete Zimmer f\u00fcr jeden Bedarf<\/title>\n<meta name=\"description\" content=\"Buchen Sie ein FRIENDS Zimmer und genie\u00dfen Sie den Komfort eines Doppelzimmers mit Twin-Betten! B!RGIT \u2013 ein Hotel, in dem man sich wie zuhause f\u00fchlt.\" \/>\n<meta name=\"robots\" content=\"index, follow, max-snippet:-1, max-image-preview:large, max-video-preview:-1\" \/>\n<link rel=\"canonical\" href=\"https:\/\/lehavre.hotelbirgit.com\/de\/dormir\/bfriends\/\" \/>\n<meta property=\"og:locale\" content=\"de_DE\" \/>\n<meta property=\"og:type\" content=\"article\" \/>\n<meta property=\"og:title\" content=\"Hotel BIRGIT Le Havre Centre | Sch\u00f6n gestaltete Zimmer f\u00fcr jeden Bedarf\" \/>\n<meta property=\"og:description\" content=\"Buchen Sie ein FRIENDS Zimmer und genie\u00dfen Sie den Komfort eines Doppelzimmers mit Twin-Betten! B!RGIT \u2013 ein Hotel, in dem man sich wie zuhause f\u00fchlt.\" \/>\n<meta property=\"og:url\" content=\"https:\/\/lehavre.hotelbirgit.com\/de\/dormir\/bfriends\/\" \/>\n<meta property=\"og:site_name\" content=\"Le Havre Birgit\" \/>\n<meta property=\"article:modified_time\" content=\"2023-01-24T18:14:43+00:00\" \/>\n<meta name=\"twitter:card\" content=\"summary_large_image\" \/>\n<meta name=\"twitter:label1\" content=\"Gesch\u00e4tzte Lesezeit\" \/>\n\t<meta name=\"twitter:data1\" content=\"1 Minute\" \/>\n<script type=\"application\/ld+json\" class=\"yoast-schema-graph\">{\"@context\":\"https:\/\/schema.org\",\"@graph\":[{\"@type\":\"WebPage\",\"@id\":\"https:\/\/lehavre.hotelbirgit.com\/de\/dormir\/bfriends\/\",\"url\":\"https:\/\/lehavre.hotelbirgit.com\/de\/dormir\/bfriends\/\",\"name\":\"Hotel BIRGIT Le Havre Centre | Sch\u00f6n gestaltete Zimmer f\u00fcr jeden Bedarf\",\"isPartOf\":{\"@id\":\"https:\/\/lehavre.hotelbirgit.com\/de\/#website\"},\"datePublished\":\"2022-08-01T09:01:08+00:00\",\"dateModified\":\"2023-01-24T18:14:43+00:00\",\"description\":\"Buchen Sie ein FRIENDS Zimmer und genie\u00dfen Sie den Komfort eines Doppelzimmers mit Twin-Betten! B!RGIT \u2013 ein Hotel, in dem man sich wie zuhause f\u00fchlt.\",\"breadcrumb\":{\"@id\":\"https:\/\/lehavre.hotelbirgit.com\/de\/dormir\/bfriends\/#breadcrumb\"},\"inLanguage\":\"de-DE\",\"potentialAction\":[{\"@type\":\"ReadAction\",\"target\":[\"https:\/\/lehavre.hotelbirgit.com\/de\/dormir\/bfriends\/\"]}]},{\"@type\":\"BreadcrumbList\",\"@id\":\"https:\/\/lehavre.hotelbirgit.com\/de\/dormir\/bfriends\/#breadcrumb\",\"itemListElement\":[{\"@type\":\"ListItem\",\"position\":1,\"name\":\"Accueil\",\"item\":\"https:\/\/lehavre.hotelbirgit.com\/de\/\"},{\"@type\":\"ListItem\",\"position\":2,\"name\":\"SCHLAFEN\",\"item\":\"https:\/\/lehavre.hotelbirgit.com\/de\/dormir\/\"},{\"@type\":\"ListItem\",\"position\":3,\"name\":\"ZWEIBETTZIMMER\"}]},{\"@type\":\"WebSite\",\"@id\":\"https:\/\/lehavre.hotelbirgit.com\/de\/#website\",\"url\":\"https:\/\/lehavre.hotelbirgit.com\/de\/\",\"name\":\"Le Havre Birgit\",\"description\":\"Un site utilisant ms.decms.eu\",\"potentialAction\":[{\"@type\":\"SearchAction\",\"target\":{\"@type\":\"EntryPoint\",\"urlTemplate\":\"https:\/\/lehavre.hotelbirgit.com\/de\/?s={search_term_string}\"},\"query-input\":{\"@type\":\"PropertyValueSpecification\",\"valueRequired\":true,\"valueName\":\"search_term_string\"}}],\"inLanguage\":\"de-DE\"}]}<\/script>\n<!-- \/ Yoast SEO plugin. -->","yoast_head_json":{"title":"Hotel BIRGIT Le Havre Centre | Sch\u00f6n gestaltete Zimmer f\u00fcr jeden Bedarf","description":"Buchen Sie ein FRIENDS Zimmer und genie\u00dfen Sie den Komfort eines Doppelzimmers mit Twin-Betten! B!RGIT \u2013 ein Hotel, in dem man sich wie zuhause f\u00fchlt.","robots":{"index":"index","follow":"follow","max-snippet":"max-snippet:-1","max-image-preview":"max-image-preview:large","max-video-preview":"max-video-preview:-1"},"canonical":"https:\/\/lehavre.hotelbirgit.com\/de\/dormir\/bfriends\/","og_locale":"de_DE","og_type":"article","og_title":"Hotel BIRGIT Le Havre Centre | Sch\u00f6n gestaltete Zimmer f\u00fcr jeden Bedarf","og_description":"Buchen Sie ein FRIENDS Zimmer und genie\u00dfen Sie den Komfort eines Doppelzimmers mit Twin-Betten! B!RGIT \u2013 ein Hotel, in dem man sich wie zuhause f\u00fchlt.","og_url":"https:\/\/lehavre.hotelbirgit.com\/de\/dormir\/bfriends\/","og_site_name":"Le Havre Birgit","article_modified_time":"2023-01-24T18:14:43+00:00","twitter_card":"summary_large_image","twitter_misc":{"Gesch\u00e4tzte Lesezeit":"1 Minute"},"schema":{"@context":"https:\/\/schema.org","@graph":[{"@type":"WebPage","@id":"https:\/\/lehavre.hotelbirgit.com\/de\/dormir\/bfriends\/","url":"https:\/\/lehavre.hotelbirgit.com\/de\/dormir\/bfriends\/","name":"Hotel BIRGIT Le Havre Centre | Sch\u00f6n gestaltete Zimmer f\u00fcr jeden Bedarf","isPartOf":{"@id":"https:\/\/lehavre.hotelbirgit.com\/de\/#website"},"datePublished":"2022-08-01T09:01:08+00:00","dateModified":"2023-01-24T18:14:43+00:00","description":"Buchen Sie ein FRIENDS Zimmer und genie\u00dfen Sie den Komfort eines Doppelzimmers mit Twin-Betten! B!RGIT \u2013 ein Hotel, in dem man sich wie zuhause f\u00fchlt.","breadcrumb":{"@id":"https:\/\/lehavre.hotelbirgit.com\/de\/dormir\/bfriends\/#breadcrumb"},"inLanguage":"de-DE","potentialAction":[{"@type":"ReadAction","target":["https:\/\/lehavre.hotelbirgit.com\/de\/dormir\/bfriends\/"]}]},{"@type":"BreadcrumbList","@id":"https:\/\/lehavre.hotelbirgit.com\/de\/dormir\/bfriends\/#breadcrumb","itemListElement":[{"@type":"ListItem","position":1,"name":"Accueil","item":"https:\/\/lehavre.hotelbirgit.com\/de\/"},{"@type":"ListItem","position":2,"name":"SCHLAFEN","item":"https:\/\/lehavre.hotelbirgit.com\/de\/dormir\/"},{"@type":"ListItem","position":3,"name":"ZWEIBETTZIMMER"}]},{"@type":"WebSite","@id":"https:\/\/lehavre.hotelbirgit.com\/de\/#website","url":"https:\/\/lehavre.hotelbirgit.com\/de\/","name":"Le Havre Birgit","description":"Un site utilisant ms.decms.eu","potentialAction":[{"@type":"SearchAction","target":{"@type":"EntryPoint","urlTemplate":"https:\/\/lehavre.hotelbirgit.com\/de\/?s={search_term_string}"},"query-input":{"@type":"PropertyValueSpecification","valueRequired":true,"valueName":"search_term_string"}}],"inLanguage":"de-DE"}]}},"acf":[],"_links":{"self":[{"href":"https:\/\/lehavre.hotelbirgit.com\/de\/wp-json\/wp\/v2\/pages\/220","targetHints":{"allow":["GET"]}}],"collection":[{"href":"https:\/\/lehavre.hotelbirgit.com\/de\/wp-json\/wp\/v2\/pages"}],"about":[{"href":"https:\/\/lehavre.hotelbirgit.com\/de\/wp-json\/wp\/v2\/types\/page"}],"author":[{"embeddable":true,"href":"https:\/\/lehavre.hotelbirgit.com\/de\/wp-json\/wp\/v2\/users\/462"}],"replies":[{"embeddable":true,"href":"https:\/\/lehavre.hotelbirgit.com\/de\/wp-json\/wp\/v2\/comments?post=220"}],"version-history":[{"count":0,"href":"https:\/\/lehavre.hotelbirgit.com\/de\/wp-json\/wp\/v2\/pages\/220\/revisions"}],"up":[{"embeddable":true,"href":"https:\/\/lehavre.hotelbirgit.com\/de\/wp-json\/wp\/v2\/pages\/202"}],"wp:attachment":[{"href":"https:\/\/lehavre.hotelbirgit.com\/de\/wp-json\/wp\/v2\/media?parent=220"}],"curies":[{"name":"wp","href":"https:\/\/api.w.org\/{rel}","templated":true}]}}