{"id":205,"date":"2022-08-01T10:48:44","date_gmt":"2022-08-01T08:48:44","guid":{"rendered":"https:\/\/lehavre.hotelbirgit.com\/?page_id=205"},"modified":"2025-01-06T17:35:18","modified_gmt":"2025-01-06T16:35:18","slug":"bcouple","status":"publish","type":"page","link":"https:\/\/lehavre.hotelbirgit.com\/de\/dormir\/bcouple\/","title":{"rendered":"DOPPELZIMMER"},"content":{"rendered":"<p><span style=\"font-weight: 400\">Entscheiden Sie sich f\u00fcr eines unserer Doppelzimmer mit Queensize-Bett \u2013 ein echter Kokon f\u00fcr Paare oder auch nur f\u00fcr Sie allein!<\/span><\/p>\n<p><span style=\"font-weight: 400\">Stellen Sie Ihre Koffer in einem dieser farbenfrohen und gem\u00fctlichen Zimmer ab, um von hier aus ins Abenteuer zu starten und die Stadt Le Havre zu erkunden! Das Hotel B!RGIT ist ideal gelegen f\u00fcr einen Bummel durch die Innenstadt.<\/span><\/p>\n<p><span style=\"font-weight: 400\">3 unserer Zimmer sind auch f\u00fcr Menschen mit eingeschr\u00e4nkter Mobilit\u00e4t geeignet.<\/span><span style=\"font-weight: 400\"><br \/>\n<\/span><span style=\"font-weight: 400\">Um eines dieser Zimmer zu buchen, kontaktieren Sie bitte das Hotel.<\/span><\/p>\n","protected":false},"excerpt":{"rendered":"<p>Entscheiden Sie sich f\u00fcr eines unserer Doppelzimmer mit Queensize-Bett \u2013 ein echter Kokon f\u00fcr Paare oder auch nur f\u00fcr Sie allein! Stellen Sie Ihre Koffer in einem dieser farbenfrohen und gem\u00fctlichen Zimmer ab, um von hier aus ins Abenteuer zu starten und die Stadt Le Havre zu erkunden! Das Hotel B!RGIT ist ideal gelegen f\u00fcr [&hellip;]<\/p>\n","protected":false},"author":462,"featured_media":0,"parent":202,"menu_order":10,"comment_status":"closed","ping_status":"closed","template":"template-single-room.php","meta":{"footnotes":""},"class_list":["post-205","page","type-page","status-publish","hentry"],"yoast_head":"<!-- This site is optimized with the Yoast SEO plugin v26.9 - https:\/\/yoast.com\/product\/yoast-seo-wordpress\/ -->\n<title>Hotel BIRGIT Le Havre Centre | Sch\u00f6n gestaltete Zimmer f\u00fcr zwei<\/title>\n<meta name=\"description\" content=\"Buchen Sie ein COUPLE Zimmer im Zentrum von Le Havre \u2013 ein echter Kokon f\u00fcr Paare oder auch nur f\u00fcr Sie allein! B!RGIT \u2013 ein Hotel, in dem man sich wie zuhause f\u00fchlt.\" \/>\n<meta name=\"robots\" content=\"index, follow, max-snippet:-1, max-image-preview:large, max-video-preview:-1\" \/>\n<link rel=\"canonical\" href=\"https:\/\/lehavre.hotelbirgit.com\/de\/dormir\/bcouple\/\" \/>\n<meta property=\"og:locale\" content=\"de_DE\" \/>\n<meta property=\"og:type\" content=\"article\" \/>\n<meta property=\"og:title\" content=\"Hotel BIRGIT Le Havre Centre | Sch\u00f6n gestaltete Zimmer f\u00fcr zwei\" \/>\n<meta property=\"og:description\" content=\"Buchen Sie ein COUPLE Zimmer im Zentrum von Le Havre \u2013 ein echter Kokon f\u00fcr Paare oder auch nur f\u00fcr Sie allein! B!RGIT \u2013 ein Hotel, in dem man sich wie zuhause f\u00fchlt.\" \/>\n<meta property=\"og:url\" content=\"https:\/\/lehavre.hotelbirgit.com\/de\/dormir\/bcouple\/\" \/>\n<meta property=\"og:site_name\" content=\"Le Havre Birgit\" \/>\n<meta property=\"article:modified_time\" content=\"2025-01-06T16:35:18+00:00\" \/>\n<meta name=\"twitter:card\" content=\"summary_large_image\" \/>\n<meta name=\"twitter:label1\" content=\"Gesch\u00e4tzte Lesezeit\" \/>\n\t<meta name=\"twitter:data1\" content=\"1 Minute\" \/>\n<script type=\"application\/ld+json\" class=\"yoast-schema-graph\">{\"@context\":\"https:\/\/schema.org\",\"@graph\":[{\"@type\":\"WebPage\",\"@id\":\"https:\/\/lehavre.hotelbirgit.com\/de\/dormir\/bcouple\/\",\"url\":\"https:\/\/lehavre.hotelbirgit.com\/de\/dormir\/bcouple\/\",\"name\":\"Hotel BIRGIT Le Havre Centre | Sch\u00f6n gestaltete Zimmer f\u00fcr zwei\",\"isPartOf\":{\"@id\":\"https:\/\/lehavre.hotelbirgit.com\/de\/#website\"},\"datePublished\":\"2022-08-01T08:48:44+00:00\",\"dateModified\":\"2025-01-06T16:35:18+00:00\",\"description\":\"Buchen Sie ein COUPLE Zimmer im Zentrum von Le Havre \u2013 ein echter Kokon f\u00fcr Paare oder auch nur f\u00fcr Sie allein! B!RGIT \u2013 ein Hotel, in dem man sich wie zuhause f\u00fchlt.\",\"breadcrumb\":{\"@id\":\"https:\/\/lehavre.hotelbirgit.com\/de\/dormir\/bcouple\/#breadcrumb\"},\"inLanguage\":\"de-DE\",\"potentialAction\":[{\"@type\":\"ReadAction\",\"target\":[\"https:\/\/lehavre.hotelbirgit.com\/de\/dormir\/bcouple\/\"]}]},{\"@type\":\"BreadcrumbList\",\"@id\":\"https:\/\/lehavre.hotelbirgit.com\/de\/dormir\/bcouple\/#breadcrumb\",\"itemListElement\":[{\"@type\":\"ListItem\",\"position\":1,\"name\":\"Accueil\",\"item\":\"https:\/\/lehavre.hotelbirgit.com\/de\/\"},{\"@type\":\"ListItem\",\"position\":2,\"name\":\"SCHLAFEN\",\"item\":\"https:\/\/lehavre.hotelbirgit.com\/de\/dormir\/\"},{\"@type\":\"ListItem\",\"position\":3,\"name\":\"DOPPELZIMMER\"}]},{\"@type\":\"WebSite\",\"@id\":\"https:\/\/lehavre.hotelbirgit.com\/de\/#website\",\"url\":\"https:\/\/lehavre.hotelbirgit.com\/de\/\",\"name\":\"Le Havre Birgit\",\"description\":\"Un site utilisant ms.decms.eu\",\"potentialAction\":[{\"@type\":\"SearchAction\",\"target\":{\"@type\":\"EntryPoint\",\"urlTemplate\":\"https:\/\/lehavre.hotelbirgit.com\/de\/?s={search_term_string}\"},\"query-input\":{\"@type\":\"PropertyValueSpecification\",\"valueRequired\":true,\"valueName\":\"search_term_string\"}}],\"inLanguage\":\"de-DE\"}]}<\/script>\n<!-- \/ Yoast SEO plugin. -->","yoast_head_json":{"title":"Hotel BIRGIT Le Havre Centre | Sch\u00f6n gestaltete Zimmer f\u00fcr zwei","description":"Buchen Sie ein COUPLE Zimmer im Zentrum von Le Havre \u2013 ein echter Kokon f\u00fcr Paare oder auch nur f\u00fcr Sie allein! B!RGIT \u2013 ein Hotel, in dem man sich wie zuhause f\u00fchlt.","robots":{"index":"index","follow":"follow","max-snippet":"max-snippet:-1","max-image-preview":"max-image-preview:large","max-video-preview":"max-video-preview:-1"},"canonical":"https:\/\/lehavre.hotelbirgit.com\/de\/dormir\/bcouple\/","og_locale":"de_DE","og_type":"article","og_title":"Hotel BIRGIT Le Havre Centre | Sch\u00f6n gestaltete Zimmer f\u00fcr zwei","og_description":"Buchen Sie ein COUPLE Zimmer im Zentrum von Le Havre \u2013 ein echter Kokon f\u00fcr Paare oder auch nur f\u00fcr Sie allein! B!RGIT \u2013 ein Hotel, in dem man sich wie zuhause f\u00fchlt.","og_url":"https:\/\/lehavre.hotelbirgit.com\/de\/dormir\/bcouple\/","og_site_name":"Le Havre Birgit","article_modified_time":"2025-01-06T16:35:18+00:00","twitter_card":"summary_large_image","twitter_misc":{"Gesch\u00e4tzte Lesezeit":"1 Minute"},"schema":{"@context":"https:\/\/schema.org","@graph":[{"@type":"WebPage","@id":"https:\/\/lehavre.hotelbirgit.com\/de\/dormir\/bcouple\/","url":"https:\/\/lehavre.hotelbirgit.com\/de\/dormir\/bcouple\/","name":"Hotel BIRGIT Le Havre Centre | Sch\u00f6n gestaltete Zimmer f\u00fcr zwei","isPartOf":{"@id":"https:\/\/lehavre.hotelbirgit.com\/de\/#website"},"datePublished":"2022-08-01T08:48:44+00:00","dateModified":"2025-01-06T16:35:18+00:00","description":"Buchen Sie ein COUPLE Zimmer im Zentrum von Le Havre \u2013 ein echter Kokon f\u00fcr Paare oder auch nur f\u00fcr Sie allein! B!RGIT \u2013 ein Hotel, in dem man sich wie zuhause f\u00fchlt.","breadcrumb":{"@id":"https:\/\/lehavre.hotelbirgit.com\/de\/dormir\/bcouple\/#breadcrumb"},"inLanguage":"de-DE","potentialAction":[{"@type":"ReadAction","target":["https:\/\/lehavre.hotelbirgit.com\/de\/dormir\/bcouple\/"]}]},{"@type":"BreadcrumbList","@id":"https:\/\/lehavre.hotelbirgit.com\/de\/dormir\/bcouple\/#breadcrumb","itemListElement":[{"@type":"ListItem","position":1,"name":"Accueil","item":"https:\/\/lehavre.hotelbirgit.com\/de\/"},{"@type":"ListItem","position":2,"name":"SCHLAFEN","item":"https:\/\/lehavre.hotelbirgit.com\/de\/dormir\/"},{"@type":"ListItem","position":3,"name":"DOPPELZIMMER"}]},{"@type":"WebSite","@id":"https:\/\/lehavre.hotelbirgit.com\/de\/#website","url":"https:\/\/lehavre.hotelbirgit.com\/de\/","name":"Le Havre Birgit","description":"Un site utilisant ms.decms.eu","potentialAction":[{"@type":"SearchAction","target":{"@type":"EntryPoint","urlTemplate":"https:\/\/lehavre.hotelbirgit.com\/de\/?s={search_term_string}"},"query-input":{"@type":"PropertyValueSpecification","valueRequired":true,"valueName":"search_term_string"}}],"inLanguage":"de-DE"}]}},"acf":[],"_links":{"self":[{"href":"https:\/\/lehavre.hotelbirgit.com\/de\/wp-json\/wp\/v2\/pages\/205","targetHints":{"allow":["GET"]}}],"collection":[{"href":"https:\/\/lehavre.hotelbirgit.com\/de\/wp-json\/wp\/v2\/pages"}],"about":[{"href":"https:\/\/lehavre.hotelbirgit.com\/de\/wp-json\/wp\/v2\/types\/page"}],"author":[{"embeddable":true,"href":"https:\/\/lehavre.hotelbirgit.com\/de\/wp-json\/wp\/v2\/users\/462"}],"replies":[{"embeddable":true,"href":"https:\/\/lehavre.hotelbirgit.com\/de\/wp-json\/wp\/v2\/comments?post=205"}],"version-history":[{"count":0,"href":"https:\/\/lehavre.hotelbirgit.com\/de\/wp-json\/wp\/v2\/pages\/205\/revisions"}],"up":[{"embeddable":true,"href":"https:\/\/lehavre.hotelbirgit.com\/de\/wp-json\/wp\/v2\/pages\/202"}],"wp:attachment":[{"href":"https:\/\/lehavre.hotelbirgit.com\/de\/wp-json\/wp\/v2\/media?parent=205"}],"curies":[{"name":"wp","href":"https:\/\/api.w.org\/{rel}","templated":true}]}}