{"id":202,"date":"2022-08-01T10:36:42","date_gmt":"2022-08-01T08:36:42","guid":{"rendered":"https:\/\/lehavre.hotelbirgit.com\/?page_id=202"},"modified":"2022-08-01T10:47:53","modified_gmt":"2022-08-01T08:47:53","slug":"dormir","status":"publish","type":"page","link":"https:\/\/lehavre.hotelbirgit.com\/de\/dormir\/","title":{"rendered":"SCHLAFEN"},"content":{"rendered":"<p style=\"text-align: center\"><span style=\"font-weight: 400\">Entdecken Sie die komfortablen und f\u00fcr jeden Bedarf geeigneten Zimmer in unserem Hotel B!RGIT le Havre Centre. Allein, zu zweit oder zu mehreren \u2013 dies ist der ideale Ort, um sich vor einem Stadtbesuch zu entspannen, zu lesen oder zu arbeiten. Dank des originellen Dekors werden Sie sich wie zuhause f\u00fchlen!<\/span><\/p>\n<p style=\"text-align: center\"><span style=\"font-weight: 400\">Allein, zu zweit oder zu dritt \u2013 bei B!RGIT werden Sie sich auf jeden Fall wohl f\u00fchlen!<\/span><\/p>\n","protected":false},"excerpt":{"rendered":"<p>Entdecken Sie die komfortablen und f\u00fcr jeden Bedarf geeigneten Zimmer in unserem Hotel B!RGIT le Havre Centre. Allein, zu zweit oder zu mehreren \u2013 dies ist der ideale Ort, um sich vor einem Stadtbesuch zu entspannen, zu lesen oder zu arbeiten. Dank des originellen Dekors werden Sie sich wie zuhause f\u00fchlen! Allein, zu zweit oder [&hellip;]<\/p>\n","protected":false},"author":462,"featured_media":0,"parent":0,"menu_order":0,"comment_status":"closed","ping_status":"closed","template":"template-rooms.php","meta":{"footnotes":""},"class_list":["post-202","page","type-page","status-publish","hentry"],"yoast_head":"<!-- This site is optimized with the Yoast SEO plugin v26.9 - https:\/\/yoast.com\/product\/yoast-seo-wordpress\/ -->\n<title>Hotel BIRGIT Le Havre Centre | Sch\u00f6n gestaltete, gem\u00fctliche Zimmer<\/title>\n<meta name=\"description\" content=\"Buchen Sie eines unserer sowohl f\u00fcr Paare als auch f\u00fcr Familien, gemeinsam reisende Freund*innen und Gesch\u00e4ftsreisende geeigneten gem\u00fctlichen Zimmer im Hotel B!RGIT, mitten in Le Havre.\" \/>\n<meta name=\"robots\" content=\"index, follow, max-snippet:-1, max-image-preview:large, max-video-preview:-1\" \/>\n<link rel=\"canonical\" href=\"https:\/\/lehavre.hotelbirgit.com\/de\/dormir\/\" \/>\n<meta property=\"og:locale\" content=\"de_DE\" \/>\n<meta property=\"og:type\" content=\"article\" \/>\n<meta property=\"og:title\" content=\"Hotel BIRGIT Le Havre Centre | Sch\u00f6n gestaltete, gem\u00fctliche Zimmer\" \/>\n<meta property=\"og:description\" content=\"Buchen Sie eines unserer sowohl f\u00fcr Paare als auch f\u00fcr Familien, gemeinsam reisende Freund*innen und Gesch\u00e4ftsreisende geeigneten gem\u00fctlichen Zimmer im Hotel B!RGIT, mitten in Le Havre.\" \/>\n<meta property=\"og:url\" content=\"https:\/\/lehavre.hotelbirgit.com\/de\/dormir\/\" \/>\n<meta property=\"og:site_name\" content=\"Le Havre Birgit\" \/>\n<meta property=\"article:modified_time\" content=\"2022-08-01T08:47:53+00:00\" \/>\n<meta name=\"twitter:card\" content=\"summary_large_image\" \/>\n<meta name=\"twitter:label1\" content=\"Gesch\u00e4tzte Lesezeit\" \/>\n\t<meta name=\"twitter:data1\" content=\"1 Minute\" \/>\n<script type=\"application\/ld+json\" class=\"yoast-schema-graph\">{\"@context\":\"https:\/\/schema.org\",\"@graph\":[{\"@type\":\"WebPage\",\"@id\":\"https:\/\/lehavre.hotelbirgit.com\/de\/dormir\/\",\"url\":\"https:\/\/lehavre.hotelbirgit.com\/de\/dormir\/\",\"name\":\"Hotel BIRGIT Le Havre Centre | Sch\u00f6n gestaltete, gem\u00fctliche Zimmer\",\"isPartOf\":{\"@id\":\"https:\/\/lehavre.hotelbirgit.com\/de\/#website\"},\"datePublished\":\"2022-08-01T08:36:42+00:00\",\"dateModified\":\"2022-08-01T08:47:53+00:00\",\"description\":\"Buchen Sie eines unserer sowohl f\u00fcr Paare als auch f\u00fcr Familien, gemeinsam reisende Freund*innen und Gesch\u00e4ftsreisende geeigneten gem\u00fctlichen Zimmer im Hotel B!RGIT, mitten in Le Havre.\",\"breadcrumb\":{\"@id\":\"https:\/\/lehavre.hotelbirgit.com\/de\/dormir\/#breadcrumb\"},\"inLanguage\":\"de-DE\",\"potentialAction\":[{\"@type\":\"ReadAction\",\"target\":[\"https:\/\/lehavre.hotelbirgit.com\/de\/dormir\/\"]}]},{\"@type\":\"BreadcrumbList\",\"@id\":\"https:\/\/lehavre.hotelbirgit.com\/de\/dormir\/#breadcrumb\",\"itemListElement\":[{\"@type\":\"ListItem\",\"position\":1,\"name\":\"Accueil\",\"item\":\"https:\/\/lehavre.hotelbirgit.com\/de\/\"},{\"@type\":\"ListItem\",\"position\":2,\"name\":\"SCHLAFEN\"}]},{\"@type\":\"WebSite\",\"@id\":\"https:\/\/lehavre.hotelbirgit.com\/de\/#website\",\"url\":\"https:\/\/lehavre.hotelbirgit.com\/de\/\",\"name\":\"Le Havre Birgit\",\"description\":\"Un site utilisant ms.decms.eu\",\"potentialAction\":[{\"@type\":\"SearchAction\",\"target\":{\"@type\":\"EntryPoint\",\"urlTemplate\":\"https:\/\/lehavre.hotelbirgit.com\/de\/?s={search_term_string}\"},\"query-input\":{\"@type\":\"PropertyValueSpecification\",\"valueRequired\":true,\"valueName\":\"search_term_string\"}}],\"inLanguage\":\"de-DE\"}]}<\/script>\n<!-- \/ Yoast SEO plugin. -->","yoast_head_json":{"title":"Hotel BIRGIT Le Havre Centre | Sch\u00f6n gestaltete, gem\u00fctliche Zimmer","description":"Buchen Sie eines unserer sowohl f\u00fcr Paare als auch f\u00fcr Familien, gemeinsam reisende Freund*innen und Gesch\u00e4ftsreisende geeigneten gem\u00fctlichen Zimmer im Hotel B!RGIT, mitten in Le Havre.","robots":{"index":"index","follow":"follow","max-snippet":"max-snippet:-1","max-image-preview":"max-image-preview:large","max-video-preview":"max-video-preview:-1"},"canonical":"https:\/\/lehavre.hotelbirgit.com\/de\/dormir\/","og_locale":"de_DE","og_type":"article","og_title":"Hotel BIRGIT Le Havre Centre | Sch\u00f6n gestaltete, gem\u00fctliche Zimmer","og_description":"Buchen Sie eines unserer sowohl f\u00fcr Paare als auch f\u00fcr Familien, gemeinsam reisende Freund*innen und Gesch\u00e4ftsreisende geeigneten gem\u00fctlichen Zimmer im Hotel B!RGIT, mitten in Le Havre.","og_url":"https:\/\/lehavre.hotelbirgit.com\/de\/dormir\/","og_site_name":"Le Havre Birgit","article_modified_time":"2022-08-01T08:47:53+00:00","twitter_card":"summary_large_image","twitter_misc":{"Gesch\u00e4tzte Lesezeit":"1 Minute"},"schema":{"@context":"https:\/\/schema.org","@graph":[{"@type":"WebPage","@id":"https:\/\/lehavre.hotelbirgit.com\/de\/dormir\/","url":"https:\/\/lehavre.hotelbirgit.com\/de\/dormir\/","name":"Hotel BIRGIT Le Havre Centre | Sch\u00f6n gestaltete, gem\u00fctliche Zimmer","isPartOf":{"@id":"https:\/\/lehavre.hotelbirgit.com\/de\/#website"},"datePublished":"2022-08-01T08:36:42+00:00","dateModified":"2022-08-01T08:47:53+00:00","description":"Buchen Sie eines unserer sowohl f\u00fcr Paare als auch f\u00fcr Familien, gemeinsam reisende Freund*innen und Gesch\u00e4ftsreisende geeigneten gem\u00fctlichen Zimmer im Hotel B!RGIT, mitten in Le Havre.","breadcrumb":{"@id":"https:\/\/lehavre.hotelbirgit.com\/de\/dormir\/#breadcrumb"},"inLanguage":"de-DE","potentialAction":[{"@type":"ReadAction","target":["https:\/\/lehavre.hotelbirgit.com\/de\/dormir\/"]}]},{"@type":"BreadcrumbList","@id":"https:\/\/lehavre.hotelbirgit.com\/de\/dormir\/#breadcrumb","itemListElement":[{"@type":"ListItem","position":1,"name":"Accueil","item":"https:\/\/lehavre.hotelbirgit.com\/de\/"},{"@type":"ListItem","position":2,"name":"SCHLAFEN"}]},{"@type":"WebSite","@id":"https:\/\/lehavre.hotelbirgit.com\/de\/#website","url":"https:\/\/lehavre.hotelbirgit.com\/de\/","name":"Le Havre Birgit","description":"Un site utilisant ms.decms.eu","potentialAction":[{"@type":"SearchAction","target":{"@type":"EntryPoint","urlTemplate":"https:\/\/lehavre.hotelbirgit.com\/de\/?s={search_term_string}"},"query-input":{"@type":"PropertyValueSpecification","valueRequired":true,"valueName":"search_term_string"}}],"inLanguage":"de-DE"}]}},"acf":[],"_links":{"self":[{"href":"https:\/\/lehavre.hotelbirgit.com\/de\/wp-json\/wp\/v2\/pages\/202","targetHints":{"allow":["GET"]}}],"collection":[{"href":"https:\/\/lehavre.hotelbirgit.com\/de\/wp-json\/wp\/v2\/pages"}],"about":[{"href":"https:\/\/lehavre.hotelbirgit.com\/de\/wp-json\/wp\/v2\/types\/page"}],"author":[{"embeddable":true,"href":"https:\/\/lehavre.hotelbirgit.com\/de\/wp-json\/wp\/v2\/users\/462"}],"replies":[{"embeddable":true,"href":"https:\/\/lehavre.hotelbirgit.com\/de\/wp-json\/wp\/v2\/comments?post=202"}],"version-history":[{"count":0,"href":"https:\/\/lehavre.hotelbirgit.com\/de\/wp-json\/wp\/v2\/pages\/202\/revisions"}],"wp:attachment":[{"href":"https:\/\/lehavre.hotelbirgit.com\/de\/wp-json\/wp\/v2\/media?parent=202"}],"curies":[{"name":"wp","href":"https:\/\/api.w.org\/{rel}","templated":true}]}}