{"id":200,"date":"2022-08-01T10:26:30","date_gmt":"2022-08-01T08:26:30","guid":{"rendered":"https:\/\/lehavre.hotelbirgit.com\/?page_id=200"},"modified":"2026-02-17T14:54:45","modified_gmt":"2026-02-17T13:54:45","slug":"hotel-brgit-le-havre-centre","status":"publish","type":"page","link":"https:\/\/lehavre.hotelbirgit.com\/de\/","title":{"rendered":"H\u00f4tel B!RGIT Le Havre Centre***"},"content":{"rendered":"<h3><b>Willkommen bei B!RGIT !<\/b><\/h3>\n<p><span style=\"font-weight: 400\">Dieses gem\u00fctliche Hotel in n\u00e4chster N\u00e4he der Stadtmitte und des Bahnhofs ist ideal f\u00fcr Ihren Besuch in Le Havre. Umgeben von Vintage- und Erinnerungsobjekten werden Sie die behagliche Atmosph\u00e4re des Hotels genie\u00dfen.<\/span><span style=\"font-weight: 400\"><br \/>\n<\/span><span style=\"font-weight: 400\">Ebenfalls empfehlenswert: die einfache, aber gute K\u00fcche des Bistro R\u00e9gent \u2013 oder auch ein Besuch \u201eim siebten Himmel\u201c in unserer Rooftop The People Bar!<\/span><\/p>\n<h3><b>WE ARE B!RGIT<\/b><\/h3>\n","protected":false},"excerpt":{"rendered":"<p>Willkommen bei B!RGIT ! Dieses gem\u00fctliche Hotel in n\u00e4chster N\u00e4he der Stadtmitte und des Bahnhofs ist ideal f\u00fcr Ihren Besuch in Le Havre. Umgeben von Vintage- und Erinnerungsobjekten werden Sie die behagliche Atmosph\u00e4re des Hotels genie\u00dfen. Ebenfalls empfehlenswert: die einfache, aber gute K\u00fcche des Bistro R\u00e9gent \u2013 oder auch ein Besuch \u201eim siebten Himmel\u201c in [&hellip;]<\/p>\n","protected":false},"author":462,"featured_media":0,"parent":0,"menu_order":0,"comment_status":"closed","ping_status":"closed","template":"","meta":{"footnotes":""},"class_list":["post-200","page","type-page","status-publish","hentry"],"yoast_head":"<!-- This site is optimized with the Yoast SEO plugin v26.9 - https:\/\/yoast.com\/product\/yoast-seo-wordpress\/ -->\n<title>Hotel BIRGIT*** Le Havre Centre | Design-Hotel in der Normandie<\/title>\n<meta name=\"description\" content=\"Entdecken Sie dieses Hotel im Stadtzentrum von Le Havre unweit des Bahnhofs. B!RGIT ist ein umweltbewusstes und preisg\u00fcnstiges Lifestyle-Hotel zum Wohlf\u00fchlen. Buchen Sie jetzt Ihr Zimmer!\" \/>\n<meta name=\"robots\" content=\"index, follow, max-snippet:-1, max-image-preview:large, max-video-preview:-1\" \/>\n<link rel=\"canonical\" href=\"https:\/\/lehavre.hotelbirgit.com\/de\/\" \/>\n<meta property=\"og:locale\" content=\"de_DE\" \/>\n<meta property=\"og:type\" content=\"article\" \/>\n<meta property=\"og:title\" content=\"Hotel BIRGIT*** Le Havre Centre | Design-Hotel in der Normandie\" \/>\n<meta property=\"og:description\" content=\"Entdecken Sie dieses Hotel im Stadtzentrum von Le Havre unweit des Bahnhofs. B!RGIT ist ein umweltbewusstes und preisg\u00fcnstiges Lifestyle-Hotel zum Wohlf\u00fchlen. Buchen Sie jetzt Ihr Zimmer!\" \/>\n<meta property=\"og:url\" content=\"https:\/\/lehavre.hotelbirgit.com\/de\/\" \/>\n<meta property=\"og:site_name\" content=\"Le Havre Birgit\" \/>\n<meta property=\"article:modified_time\" content=\"2026-02-17T13:54:45+00:00\" \/>\n<meta name=\"twitter:card\" content=\"summary_large_image\" \/>\n<meta name=\"twitter:label1\" content=\"Gesch\u00e4tzte Lesezeit\" \/>\n\t<meta name=\"twitter:data1\" content=\"1 Minute\" \/>\n<script type=\"application\/ld+json\" class=\"yoast-schema-graph\">{\"@context\":\"https:\/\/schema.org\",\"@graph\":[{\"@type\":\"WebPage\",\"@id\":\"https:\/\/lehavre.hotelbirgit.com\/de\/\",\"url\":\"https:\/\/lehavre.hotelbirgit.com\/de\/\",\"name\":\"Hotel BIRGIT*** Le Havre Centre | Design-Hotel in der Normandie\",\"isPartOf\":{\"@id\":\"https:\/\/lehavre.hotelbirgit.com\/de\/#website\"},\"datePublished\":\"2022-08-01T08:26:30+00:00\",\"dateModified\":\"2026-02-17T13:54:45+00:00\",\"description\":\"Entdecken Sie dieses Hotel im Stadtzentrum von Le Havre unweit des Bahnhofs. B!RGIT ist ein umweltbewusstes und preisg\u00fcnstiges Lifestyle-Hotel zum Wohlf\u00fchlen. Buchen Sie jetzt Ihr Zimmer!\",\"breadcrumb\":{\"@id\":\"https:\/\/lehavre.hotelbirgit.com\/de\/#breadcrumb\"},\"inLanguage\":\"de-DE\",\"potentialAction\":[{\"@type\":\"ReadAction\",\"target\":[\"https:\/\/lehavre.hotelbirgit.com\/de\/\"]}]},{\"@type\":\"BreadcrumbList\",\"@id\":\"https:\/\/lehavre.hotelbirgit.com\/de\/#breadcrumb\",\"itemListElement\":[{\"@type\":\"ListItem\",\"position\":1,\"name\":\"Accueil\",\"item\":\"https:\/\/lehavre.hotelbirgit.com\/de\/\"},{\"@type\":\"ListItem\",\"position\":2,\"name\":\"H\u00f4tel B!RGIT Le Havre Centre***\"}]},{\"@type\":\"WebSite\",\"@id\":\"https:\/\/lehavre.hotelbirgit.com\/de\/#website\",\"url\":\"https:\/\/lehavre.hotelbirgit.com\/de\/\",\"name\":\"Le Havre Birgit\",\"description\":\"Un site utilisant ms.decms.eu\",\"potentialAction\":[{\"@type\":\"SearchAction\",\"target\":{\"@type\":\"EntryPoint\",\"urlTemplate\":\"https:\/\/lehavre.hotelbirgit.com\/de\/?s={search_term_string}\"},\"query-input\":{\"@type\":\"PropertyValueSpecification\",\"valueRequired\":true,\"valueName\":\"search_term_string\"}}],\"inLanguage\":\"de-DE\"}]}<\/script>\n<!-- \/ Yoast SEO plugin. -->","yoast_head_json":{"title":"Hotel BIRGIT*** Le Havre Centre | Design-Hotel in der Normandie","description":"Entdecken Sie dieses Hotel im Stadtzentrum von Le Havre unweit des Bahnhofs. B!RGIT ist ein umweltbewusstes und preisg\u00fcnstiges Lifestyle-Hotel zum Wohlf\u00fchlen. Buchen Sie jetzt Ihr Zimmer!","robots":{"index":"index","follow":"follow","max-snippet":"max-snippet:-1","max-image-preview":"max-image-preview:large","max-video-preview":"max-video-preview:-1"},"canonical":"https:\/\/lehavre.hotelbirgit.com\/de\/","og_locale":"de_DE","og_type":"article","og_title":"Hotel BIRGIT*** Le Havre Centre | Design-Hotel in der Normandie","og_description":"Entdecken Sie dieses Hotel im Stadtzentrum von Le Havre unweit des Bahnhofs. B!RGIT ist ein umweltbewusstes und preisg\u00fcnstiges Lifestyle-Hotel zum Wohlf\u00fchlen. Buchen Sie jetzt Ihr Zimmer!","og_url":"https:\/\/lehavre.hotelbirgit.com\/de\/","og_site_name":"Le Havre Birgit","article_modified_time":"2026-02-17T13:54:45+00:00","twitter_card":"summary_large_image","twitter_misc":{"Gesch\u00e4tzte Lesezeit":"1 Minute"},"schema":{"@context":"https:\/\/schema.org","@graph":[{"@type":"WebPage","@id":"https:\/\/lehavre.hotelbirgit.com\/de\/","url":"https:\/\/lehavre.hotelbirgit.com\/de\/","name":"Hotel BIRGIT*** Le Havre Centre | Design-Hotel in der Normandie","isPartOf":{"@id":"https:\/\/lehavre.hotelbirgit.com\/de\/#website"},"datePublished":"2022-08-01T08:26:30+00:00","dateModified":"2026-02-17T13:54:45+00:00","description":"Entdecken Sie dieses Hotel im Stadtzentrum von Le Havre unweit des Bahnhofs. B!RGIT ist ein umweltbewusstes und preisg\u00fcnstiges Lifestyle-Hotel zum Wohlf\u00fchlen. Buchen Sie jetzt Ihr Zimmer!","breadcrumb":{"@id":"https:\/\/lehavre.hotelbirgit.com\/de\/#breadcrumb"},"inLanguage":"de-DE","potentialAction":[{"@type":"ReadAction","target":["https:\/\/lehavre.hotelbirgit.com\/de\/"]}]},{"@type":"BreadcrumbList","@id":"https:\/\/lehavre.hotelbirgit.com\/de\/#breadcrumb","itemListElement":[{"@type":"ListItem","position":1,"name":"Accueil","item":"https:\/\/lehavre.hotelbirgit.com\/de\/"},{"@type":"ListItem","position":2,"name":"H\u00f4tel B!RGIT Le Havre Centre***"}]},{"@type":"WebSite","@id":"https:\/\/lehavre.hotelbirgit.com\/de\/#website","url":"https:\/\/lehavre.hotelbirgit.com\/de\/","name":"Le Havre Birgit","description":"Un site utilisant ms.decms.eu","potentialAction":[{"@type":"SearchAction","target":{"@type":"EntryPoint","urlTemplate":"https:\/\/lehavre.hotelbirgit.com\/de\/?s={search_term_string}"},"query-input":{"@type":"PropertyValueSpecification","valueRequired":true,"valueName":"search_term_string"}}],"inLanguage":"de-DE"}]}},"acf":[],"_links":{"self":[{"href":"https:\/\/lehavre.hotelbirgit.com\/de\/wp-json\/wp\/v2\/pages\/200","targetHints":{"allow":["GET"]}}],"collection":[{"href":"https:\/\/lehavre.hotelbirgit.com\/de\/wp-json\/wp\/v2\/pages"}],"about":[{"href":"https:\/\/lehavre.hotelbirgit.com\/de\/wp-json\/wp\/v2\/types\/page"}],"author":[{"embeddable":true,"href":"https:\/\/lehavre.hotelbirgit.com\/de\/wp-json\/wp\/v2\/users\/462"}],"replies":[{"embeddable":true,"href":"https:\/\/lehavre.hotelbirgit.com\/de\/wp-json\/wp\/v2\/comments?post=200"}],"version-history":[{"count":0,"href":"https:\/\/lehavre.hotelbirgit.com\/de\/wp-json\/wp\/v2\/pages\/200\/revisions"}],"wp:attachment":[{"href":"https:\/\/lehavre.hotelbirgit.com\/de\/wp-json\/wp\/v2\/media?parent=200"}],"curies":[{"name":"wp","href":"https:\/\/api.w.org\/{rel}","templated":true}]}}